{"id":987,"date":"2023-10-13T21:31:27","date_gmt":"2023-10-13T19:31:27","guid":{"rendered":"https:\/\/paris-noe.me\/nowaient\/produit\/nffc-jersey\/"},"modified":"2024-01-08T14:22:59","modified_gmt":"2024-01-08T13:22:59","slug":"nffc-jersey","status":"publish","type":"product","link":"https:\/\/paris-noe.me\/nowaient\/produit\/nffc-jersey\/","title":{"rendered":"NFFC &#8211; Jersey"},"content":{"rendered":"<p>D\u00e9couvrez le maillot de foot NFFC, une pi\u00e8ce unique con\u00e7ue pour les amateurs de football qui jouent sans pieds, mais avec une passion in\u00e9branlable. Ce maillot incarne la d\u00e9termination, le d\u00e9vouement et l&#8217;esprit sportif, et il est bien plus qu&#8217;un simple v\u00eatement de sport.<\/p>\n<p>Le NFFC est sp\u00e9cialement con\u00e7u pour ceux qui vivent leur passion pour le football d&#8217;une mani\u00e8re diff\u00e9rente. Ce maillot arbore fi\u00e8rement le sigle &#8220;NFFC&#8221; qui repr\u00e9sente la force de caract\u00e8re et l&#8217;inspiration. Il est dot\u00e9 d&#8217;une conception fonctionnelle qui facilite le mouvement et assure un ajustement confortable, m\u00eame pour ceux qui jouent sans utiliser leurs pieds.<\/p>\n<p>Mais le NFFC est plus qu&#8217;un simple maillot ; c&#8217;est un acte de g\u00e9n\u00e9rosit\u00e9 envers la communaut\u00e9 du football adapt\u00e9. Pour chaque achat de ce maillot, une partie des recettes est revers\u00e9e \u00e0 la buvette du stade. Cette contribution soutient les joueurs, les familles et les b\u00e9n\u00e9voles qui font vivre cet esprit de sportivit\u00e9 unique.<\/p>\n<p>Alors, en portant le maillot NFFC, vous non seulement affichez votre passion pour le football, mais vous contribuez \u00e9galement \u00e0 l&#8217;\u00e9panouissement de cette belle communaut\u00e9 sportive. Rejoignez-nous pour c\u00e9l\u00e9brer le jeu, l&#8217;inclusion et l&#8217;esprit d&#8217;\u00e9quipe, peu importe comment vous d\u00e9cidez de jouer. Le maillot NFFC repr\u00e9sente l&#8217;unit\u00e9 et la g\u00e9n\u00e9rosit\u00e9 qui sont au c\u0153ur du beau jeu.<\/p>\n<p>&nbsp;<\/p>\n<p>\u2022 100\u00a0% polyester recycl\u00e9<br \/>\n\u2022 Poids du tissu\u00a0:\u00a0160\u00a0g\/m\u00b2 (4,7\u00a0oz\/yd\u00b2)<br \/>\n\u2022 Tissu extensible dans les deux directions<br \/>\n\u2022 Mat\u00e9riau \u00e9vacuant l&#8217;humidit\u00e9<br \/>\n\u2022 Coupe droite<br \/>\n\u2022 Protection UPF50+<br \/>\n\u2022 Col en V \u00e0 double \u00e9paisseur<\/p>\n","protected":false},"excerpt":{"rendered":"<p>D\u00e9couvrez le maillot de foot NFFC, une pi\u00e8ce unique con\u00e7ue pour les amateurs de football qui jouent sans pieds, mais avec une passion in\u00e9branlable. Ce maillot incarne la d\u00e9termination, le d\u00e9vouement et l&#8217;esprit sportif, et il est bien plus qu&#8217;un simple v\u00eatement de sport. Le NFFC est sp\u00e9cialement con\u00e7u pour ceux qui vivent leur passion [&hellip;]<\/p>\n","protected":false},"featured_media":1001,"comment_status":"open","ping_status":"closed","template":"","meta":{"_uag_custom_page_level_css":"","site-sidebar-layout":"default","site-content-layout":"","ast-site-content-layout":"","site-content-style":"default","site-sidebar-style":"default","ast-global-header-display":"","ast-banner-title-visibility":"","ast-main-header-display":"","ast-hfb-above-header-display":"","ast-hfb-below-header-display":"","ast-hfb-mobile-header-display":"","site-post-title":"","ast-breadcrumbs-content":"","ast-featured-img":"","footer-sml-layout":"","theme-transparent-header-meta":"","adv-header-id-meta":"","stick-header-meta":"","header-above-stick-meta":"","header-main-stick-meta":"","header-below-stick-meta":"","astra-migrate-meta-layouts":"default","ast-page-background-enabled":"default","ast-page-background-meta":{"desktop":{"background-color":"var(--ast-global-color-4)","background-image":"","background-repeat":"repeat","background-position":"center center","background-size":"auto","background-attachment":"scroll","background-type":"","background-media":"","overlay-type":"","overlay-color":"","overlay-opacity":"","overlay-gradient":""},"tablet":{"background-color":"","background-image":"","background-repeat":"repeat","background-position":"center center","background-size":"auto","background-attachment":"scroll","background-type":"","background-media":"","overlay-type":"","overlay-color":"","overlay-opacity":"","overlay-gradient":""},"mobile":{"background-color":"","background-image":"","background-repeat":"repeat","background-position":"center center","background-size":"auto","background-attachment":"scroll","background-type":"","background-media":"","overlay-type":"","overlay-color":"","overlay-opacity":"","overlay-gradient":""}},"ast-content-background-meta":{"desktop":{"background-color":"var(--ast-global-color-5)","background-image":"","background-repeat":"repeat","background-position":"center center","background-size":"auto","background-attachment":"scroll","background-type":"","background-media":"","overlay-type":"","overlay-color":"","overlay-opacity":"","overlay-gradient":""},"tablet":{"background-color":"var(--ast-global-color-5)","background-image":"","background-repeat":"repeat","background-position":"center center","background-size":"auto","background-attachment":"scroll","background-type":"","background-media":"","overlay-type":"","overlay-color":"","overlay-opacity":"","overlay-gradient":""},"mobile":{"background-color":"var(--ast-global-color-5)","background-image":"","background-repeat":"repeat","background-position":"center center","background-size":"auto","background-attachment":"scroll","background-type":"","background-media":"","overlay-type":"","overlay-color":"","overlay-opacity":"","overlay-gradient":""}}},"product_brand":[],"product_cat":[73],"product_tag":[],"class_list":{"0":"post-987","1":"product","2":"type-product","3":"status-publish","4":"has-post-thumbnail","6":"product_cat-jersey","7":"desktop-align-left","8":"tablet-align-left","9":"mobile-align-left","11":"first","12":"instock","13":"shipping-taxable","14":"purchasable","15":"product-type-variable"},"uagb_featured_image_src":{"full":["https:\/\/paris-noe.me\/nowaient\/wp-content\/uploads\/2023\/10\/all-over-print-recycled-unisex-sports-jersey-white-front-65299affcc8ea.jpg",2000,2000,false],"thumbnail":["https:\/\/paris-noe.me\/nowaient\/wp-content\/uploads\/2023\/10\/all-over-print-recycled-unisex-sports-jersey-white-front-65299affcc8ea-150x150.jpg",150,150,true],"medium":["https:\/\/paris-noe.me\/nowaient\/wp-content\/uploads\/2023\/10\/all-over-print-recycled-unisex-sports-jersey-white-front-65299affcc8ea-300x300.jpg",300,300,true],"medium_large":["https:\/\/paris-noe.me\/nowaient\/wp-content\/uploads\/2023\/10\/all-over-print-recycled-unisex-sports-jersey-white-front-65299affcc8ea-768x768.jpg",768,768,true],"large":["https:\/\/paris-noe.me\/nowaient\/wp-content\/uploads\/2023\/10\/all-over-print-recycled-unisex-sports-jersey-white-front-65299affcc8ea-1024x1024.jpg",1024,1024,true],"1536x1536":["https:\/\/paris-noe.me\/nowaient\/wp-content\/uploads\/2023\/10\/all-over-print-recycled-unisex-sports-jersey-white-front-65299affcc8ea-1536x1536.jpg",1536,1536,true],"2048x2048":["https:\/\/paris-noe.me\/nowaient\/wp-content\/uploads\/2023\/10\/all-over-print-recycled-unisex-sports-jersey-white-front-65299affcc8ea.jpg",2000,2000,false],"mailpoet_newsletter_max":["https:\/\/paris-noe.me\/nowaient\/wp-content\/uploads\/2023\/10\/all-over-print-recycled-unisex-sports-jersey-white-front-65299affcc8ea-1320x1320.jpg",1320,1320,true],"woocommerce_thumbnail":["https:\/\/paris-noe.me\/nowaient\/wp-content\/uploads\/2023\/10\/all-over-print-recycled-unisex-sports-jersey-white-front-65299affcc8ea-300x300.jpg",300,300,true],"woocommerce_single":["https:\/\/paris-noe.me\/nowaient\/wp-content\/uploads\/2023\/10\/all-over-print-recycled-unisex-sports-jersey-white-front-65299affcc8ea-600x600.jpg",600,600,true],"woocommerce_gallery_thumbnail":["https:\/\/paris-noe.me\/nowaient\/wp-content\/uploads\/2023\/10\/all-over-print-recycled-unisex-sports-jersey-white-front-65299affcc8ea-100x100.jpg",100,100,true]},"uagb_author_info":{"display_name":"Nowaient","author_link":"https:\/\/paris-noe.me\/nowaient\/author\/"},"uagb_comment_info":0,"uagb_excerpt":"D\u00e9couvrez le maillot de foot NFFC, une pi\u00e8ce unique con\u00e7ue pour les amateurs de football qui jouent sans pieds, mais avec une passion in\u00e9branlable. Ce maillot incarne la d\u00e9termination, le d\u00e9vouement et l&#8217;esprit sportif, et il est bien plus qu&#8217;un simple v\u00eatement de sport. Le NFFC est sp\u00e9cialement con\u00e7u pour ceux qui vivent leur passion\u2026","_links":{"self":[{"href":"https:\/\/paris-noe.me\/nowaient\/wp-json\/wp\/v2\/product\/987","targetHints":{"allow":["GET"]}}],"collection":[{"href":"https:\/\/paris-noe.me\/nowaient\/wp-json\/wp\/v2\/product"}],"about":[{"href":"https:\/\/paris-noe.me\/nowaient\/wp-json\/wp\/v2\/types\/product"}],"replies":[{"embeddable":true,"href":"https:\/\/paris-noe.me\/nowaient\/wp-json\/wp\/v2\/comments?post=987"}],"wp:featuredmedia":[{"embeddable":true,"href":"https:\/\/paris-noe.me\/nowaient\/wp-json\/wp\/v2\/media\/1001"}],"wp:attachment":[{"href":"https:\/\/paris-noe.me\/nowaient\/wp-json\/wp\/v2\/media?parent=987"}],"wp:term":[{"taxonomy":"product_brand","embeddable":true,"href":"https:\/\/paris-noe.me\/nowaient\/wp-json\/wp\/v2\/product_brand?post=987"},{"taxonomy":"product_cat","embeddable":true,"href":"https:\/\/paris-noe.me\/nowaient\/wp-json\/wp\/v2\/product_cat?post=987"},{"taxonomy":"product_tag","embeddable":true,"href":"https:\/\/paris-noe.me\/nowaient\/wp-json\/wp\/v2\/product_tag?post=987"}],"curies":[{"name":"wp","href":"https:\/\/api.w.org\/{rel}","templated":true}]}}