{"id":953,"date":"2023-07-16T12:07:17","date_gmt":"2023-07-16T10:07:17","guid":{"rendered":"https:\/\/paris-noe.me\/nowaient\/produit\/iwy-casquette-noire\/"},"modified":"2024-01-08T14:23:52","modified_gmt":"2024-01-08T13:23:52","slug":"iwy-casquette-noire","status":"publish","type":"product","link":"https:\/\/paris-noe.me\/nowaient\/produit\/iwy-casquette-noire\/","title":{"rendered":"IWY &#8211; Casquette Noire"},"content":{"rendered":"<p>Personne te verra avec cette casquette, enfin presque&#8230;<\/p>\n<p>Fabriqu\u00e9e \u00e0 partir de 100 % chino en serg\u00e9 de coton, cette casquette allie confort et qualit\u00e9. Sa structure non structur\u00e9e, ses 6 pans et son profil bas lui conf\u00e8rent un style d\u00e9contract\u00e9 et tendance.<\/p>\n<p>\u2022 100 % chino en serg\u00e9 de coton<br \/>\n\u2022 Non structur\u00e9e, 6 pans, profil bas<br \/>\n\u2022 6 oeillets brod\u00e9s<br \/>\n\u2022 Couronne de 7,6 cm<br \/>\n\u2022 Languette d\u2019ajustement avec boucle antique<\/p>\n","protected":false},"excerpt":{"rendered":"<p>Personne te verra avec cette casquette, enfin presque&#8230; Fabriqu\u00e9e \u00e0 partir de 100 % chino en serg\u00e9 de coton, cette casquette allie confort et qualit\u00e9. Sa structure non structur\u00e9e, ses 6 pans et son profil bas lui conf\u00e8rent un style d\u00e9contract\u00e9 et tendance. \u2022 100 % chino en serg\u00e9 de coton \u2022 Non structur\u00e9e, 6 [&hellip;]<\/p>\n","protected":false},"featured_media":955,"comment_status":"open","ping_status":"closed","template":"","meta":{"_uag_custom_page_level_css":"","site-sidebar-layout":"default","site-content-layout":"","ast-site-content-layout":"","site-content-style":"default","site-sidebar-style":"default","ast-global-header-display":"","ast-banner-title-visibility":"","ast-main-header-display":"","ast-hfb-above-header-display":"","ast-hfb-below-header-display":"","ast-hfb-mobile-header-display":"","site-post-title":"","ast-breadcrumbs-content":"","ast-featured-img":"","footer-sml-layout":"","theme-transparent-header-meta":"","adv-header-id-meta":"","stick-header-meta":"","header-above-stick-meta":"","header-main-stick-meta":"","header-below-stick-meta":"","astra-migrate-meta-layouts":"default","ast-page-background-enabled":"default","ast-page-background-meta":{"desktop":{"background-color":"var(--ast-global-color-4)","background-image":"","background-repeat":"repeat","background-position":"center center","background-size":"auto","background-attachment":"scroll","background-type":"","background-media":"","overlay-type":"","overlay-color":"","overlay-opacity":"","overlay-gradient":""},"tablet":{"background-color":"","background-image":"","background-repeat":"repeat","background-position":"center center","background-size":"auto","background-attachment":"scroll","background-type":"","background-media":"","overlay-type":"","overlay-color":"","overlay-opacity":"","overlay-gradient":""},"mobile":{"background-color":"","background-image":"","background-repeat":"repeat","background-position":"center center","background-size":"auto","background-attachment":"scroll","background-type":"","background-media":"","overlay-type":"","overlay-color":"","overlay-opacity":"","overlay-gradient":""}},"ast-content-background-meta":{"desktop":{"background-color":"var(--ast-global-color-5)","background-image":"","background-repeat":"repeat","background-position":"center center","background-size":"auto","background-attachment":"scroll","background-type":"","background-media":"","overlay-type":"","overlay-color":"","overlay-opacity":"","overlay-gradient":""},"tablet":{"background-color":"var(--ast-global-color-5)","background-image":"","background-repeat":"repeat","background-position":"center center","background-size":"auto","background-attachment":"scroll","background-type":"","background-media":"","overlay-type":"","overlay-color":"","overlay-opacity":"","overlay-gradient":""},"mobile":{"background-color":"var(--ast-global-color-5)","background-image":"","background-repeat":"repeat","background-position":"center center","background-size":"auto","background-attachment":"scroll","background-type":"","background-media":"","overlay-type":"","overlay-color":"","overlay-opacity":"","overlay-gradient":""}}},"product_brand":[],"product_cat":[69],"product_tag":[],"class_list":{"0":"post-953","1":"product","2":"type-product","3":"status-publish","4":"has-post-thumbnail","6":"product_cat-casquette","7":"desktop-align-left","8":"tablet-align-left","9":"mobile-align-left","11":"first","12":"instock","13":"shipping-taxable","14":"purchasable","15":"product-type-simple"},"uagb_featured_image_src":{"full":["https:\/\/paris-noe.me\/nowaient\/wp-content\/uploads\/2023\/07\/classic-dad-hat-black-front-64b3c14d9388e.jpg",1000,1000,false],"thumbnail":["https:\/\/paris-noe.me\/nowaient\/wp-content\/uploads\/2023\/07\/classic-dad-hat-black-front-64b3c14d9388e-150x150.jpg",150,150,true],"medium":["https:\/\/paris-noe.me\/nowaient\/wp-content\/uploads\/2023\/07\/classic-dad-hat-black-front-64b3c14d9388e-300x300.jpg",300,300,true],"medium_large":["https:\/\/paris-noe.me\/nowaient\/wp-content\/uploads\/2023\/07\/classic-dad-hat-black-front-64b3c14d9388e-768x768.jpg",768,768,true],"large":["https:\/\/paris-noe.me\/nowaient\/wp-content\/uploads\/2023\/07\/classic-dad-hat-black-front-64b3c14d9388e.jpg",1000,1000,false],"1536x1536":["https:\/\/paris-noe.me\/nowaient\/wp-content\/uploads\/2023\/07\/classic-dad-hat-black-front-64b3c14d9388e.jpg",1000,1000,false],"2048x2048":["https:\/\/paris-noe.me\/nowaient\/wp-content\/uploads\/2023\/07\/classic-dad-hat-black-front-64b3c14d9388e.jpg",1000,1000,false],"mailpoet_newsletter_max":["https:\/\/paris-noe.me\/nowaient\/wp-content\/uploads\/2023\/07\/classic-dad-hat-black-front-64b3c14d9388e.jpg",1000,1000,false],"woocommerce_thumbnail":["https:\/\/paris-noe.me\/nowaient\/wp-content\/uploads\/2023\/07\/classic-dad-hat-black-front-64b3c14d9388e-300x300.jpg",300,300,true],"woocommerce_single":["https:\/\/paris-noe.me\/nowaient\/wp-content\/uploads\/2023\/07\/classic-dad-hat-black-front-64b3c14d9388e-600x600.jpg",600,600,true],"woocommerce_gallery_thumbnail":["https:\/\/paris-noe.me\/nowaient\/wp-content\/uploads\/2023\/07\/classic-dad-hat-black-front-64b3c14d9388e-100x100.jpg",100,100,true]},"uagb_author_info":{"display_name":"Nowaient","author_link":"https:\/\/paris-noe.me\/nowaient\/author\/"},"uagb_comment_info":0,"uagb_excerpt":"Personne te verra avec cette casquette, enfin presque&#8230; Fabriqu\u00e9e \u00e0 partir de 100 % chino en serg\u00e9 de coton, cette casquette allie confort et qualit\u00e9. Sa structure non structur\u00e9e, ses 6 pans et son profil bas lui conf\u00e8rent un style d\u00e9contract\u00e9 et tendance. \u2022 100 % chino en serg\u00e9 de coton \u2022 Non structur\u00e9e, 6\u2026","_links":{"self":[{"href":"https:\/\/paris-noe.me\/nowaient\/wp-json\/wp\/v2\/product\/953","targetHints":{"allow":["GET"]}}],"collection":[{"href":"https:\/\/paris-noe.me\/nowaient\/wp-json\/wp\/v2\/product"}],"about":[{"href":"https:\/\/paris-noe.me\/nowaient\/wp-json\/wp\/v2\/types\/product"}],"replies":[{"embeddable":true,"href":"https:\/\/paris-noe.me\/nowaient\/wp-json\/wp\/v2\/comments?post=953"}],"wp:featuredmedia":[{"embeddable":true,"href":"https:\/\/paris-noe.me\/nowaient\/wp-json\/wp\/v2\/media\/955"}],"wp:attachment":[{"href":"https:\/\/paris-noe.me\/nowaient\/wp-json\/wp\/v2\/media?parent=953"}],"wp:term":[{"taxonomy":"product_brand","embeddable":true,"href":"https:\/\/paris-noe.me\/nowaient\/wp-json\/wp\/v2\/product_brand?post=953"},{"taxonomy":"product_cat","embeddable":true,"href":"https:\/\/paris-noe.me\/nowaient\/wp-json\/wp\/v2\/product_cat?post=953"},{"taxonomy":"product_tag","embeddable":true,"href":"https:\/\/paris-noe.me\/nowaient\/wp-json\/wp\/v2\/product_tag?post=953"}],"curies":[{"name":"wp","href":"https:\/\/api.w.org\/{rel}","templated":true}]}}