{"id":929,"date":"2023-07-16T12:01:28","date_gmt":"2023-07-16T10:01:28","guid":{"rendered":"https:\/\/paris-noe.me\/nowaient\/produit\/iwy-t-shirt-blanc\/"},"modified":"2024-05-26T17:28:50","modified_gmt":"2024-05-26T15:28:50","slug":"iwy-t-shirt-blanc","status":"publish","type":"product","link":"https:\/\/paris-noe.me\/nowaient\/produit\/iwy-t-shirt-blanc\/","title":{"rendered":"IWY &#8211; T-Shirt blanc"},"content":{"rendered":"<p>Je te vois bien avec ce t-shirt, depuis ma fen\u00eatre&#8230;<\/p>\n<p>Con\u00e7u avec soin, ce t-shirt est fabriqu\u00e9 \u00e0 partir de coton 100 % biologique fil\u00e9 \u00e0 l&#8217;anneau, offrant une sensation de douceur et de confort incomparable. Avec un poids de tissu de 180 g\/m\u00b2 (5,3 oz\/yd\u00b2), ce t-shirt pr\u00e9sente une coupe semi-ajust\u00e9e et est confectionn\u00e9 dans un jersey simple, offrant une allure d\u00e9contract\u00e9e et tendance.<\/p>\n<p>\u2022 Coton 100\u00a0% biologique fil\u00e9 \u00e0 l&#8217;anneau<br \/>\n\u2022 Poids du tissu\u00a0: 180 g\/m\u00b2 (5,3 oz\/yd\u00b2), le poids peut varier de 5 %<br \/>\n\u2022 Jersey simple<br \/>\n\u2022\u00a0Coupe semi-ajust\u00e9e<br \/>\n\u2022 Manches mont\u00e9es<br \/>\n\u2022 Col en c\u00f4te 1\u00d71<br \/>\n\u2022 Large surpiq\u00fbre double sur les manches et la base<br \/>\n\u2022 Renfort assorti au cou (int\u00e9rieur, dos)<\/p>\n","protected":false},"excerpt":{"rendered":"<p>Je te vois bien avec ce t-shirt, depuis ma fen\u00eatre&#8230; Con\u00e7u avec soin, ce t-shirt est fabriqu\u00e9 \u00e0 partir de coton 100 % biologique fil\u00e9 \u00e0 l&#8217;anneau, offrant une sensation de douceur et de confort incomparable. Avec un poids de tissu de 180 g\/m\u00b2 (5,3 oz\/yd\u00b2), ce t-shirt pr\u00e9sente une coupe semi-ajust\u00e9e et est confectionn\u00e9 [&hellip;]<\/p>\n","protected":false},"featured_media":940,"comment_status":"open","ping_status":"closed","template":"","meta":{"_uag_custom_page_level_css":"","site-sidebar-layout":"default","site-content-layout":"","ast-site-content-layout":"default","site-content-style":"default","site-sidebar-style":"default","ast-global-header-display":"","ast-banner-title-visibility":"","ast-main-header-display":"","ast-hfb-above-header-display":"","ast-hfb-below-header-display":"","ast-hfb-mobile-header-display":"","site-post-title":"","ast-breadcrumbs-content":"","ast-featured-img":"","footer-sml-layout":"","theme-transparent-header-meta":"default","adv-header-id-meta":"","stick-header-meta":"","header-above-stick-meta":"","header-main-stick-meta":"","header-below-stick-meta":"","astra-migrate-meta-layouts":"set","ast-page-background-enabled":"default","ast-page-background-meta":{"desktop":{"background-color":"var(--ast-global-color-4)","background-image":"","background-repeat":"repeat","background-position":"center center","background-size":"auto","background-attachment":"scroll","background-type":"","background-media":"","overlay-type":"","overlay-color":"","overlay-opacity":"","overlay-gradient":""},"tablet":{"background-color":"","background-image":"","background-repeat":"repeat","background-position":"center center","background-size":"auto","background-attachment":"scroll","background-type":"","background-media":"","overlay-type":"","overlay-color":"","overlay-opacity":"","overlay-gradient":""},"mobile":{"background-color":"","background-image":"","background-repeat":"repeat","background-position":"center center","background-size":"auto","background-attachment":"scroll","background-type":"","background-media":"","overlay-type":"","overlay-color":"","overlay-opacity":"","overlay-gradient":""}},"ast-content-background-meta":{"desktop":{"background-color":"var(--ast-global-color-5)","background-image":"","background-repeat":"repeat","background-position":"center center","background-size":"auto","background-attachment":"scroll","background-type":"","background-media":"","overlay-type":"","overlay-color":"","overlay-opacity":"","overlay-gradient":""},"tablet":{"background-color":"var(--ast-global-color-5)","background-image":"","background-repeat":"repeat","background-position":"center center","background-size":"auto","background-attachment":"scroll","background-type":"","background-media":"","overlay-type":"","overlay-color":"","overlay-opacity":"","overlay-gradient":""},"mobile":{"background-color":"var(--ast-global-color-5)","background-image":"","background-repeat":"repeat","background-position":"center center","background-size":"auto","background-attachment":"scroll","background-type":"","background-media":"","overlay-type":"","overlay-color":"","overlay-opacity":"","overlay-gradient":""}}},"product_brand":[],"product_cat":[66],"product_tag":[],"class_list":{"0":"post-929","1":"product","2":"type-product","3":"status-publish","4":"has-post-thumbnail","6":"product_cat-t-shirt","7":"desktop-align-left","8":"tablet-align-left","9":"mobile-align-left","11":"first","12":"instock","13":"shipping-taxable","14":"purchasable","15":"product-type-variable"},"uagb_featured_image_src":{"full":["https:\/\/paris-noe.me\/nowaient\/wp-content\/uploads\/2023\/07\/unisex-organic-cotton-t-shirt-white-back-64b3bfed939b9.jpg",2000,2000,false],"thumbnail":["https:\/\/paris-noe.me\/nowaient\/wp-content\/uploads\/2023\/07\/unisex-organic-cotton-t-shirt-white-back-64b3bfed939b9-150x150.jpg",150,150,true],"medium":["https:\/\/paris-noe.me\/nowaient\/wp-content\/uploads\/2023\/07\/unisex-organic-cotton-t-shirt-white-back-64b3bfed939b9-300x300.jpg",300,300,true],"medium_large":["https:\/\/paris-noe.me\/nowaient\/wp-content\/uploads\/2023\/07\/unisex-organic-cotton-t-shirt-white-back-64b3bfed939b9-768x768.jpg",768,768,true],"large":["https:\/\/paris-noe.me\/nowaient\/wp-content\/uploads\/2023\/07\/unisex-organic-cotton-t-shirt-white-back-64b3bfed939b9-1024x1024.jpg",1024,1024,true],"1536x1536":["https:\/\/paris-noe.me\/nowaient\/wp-content\/uploads\/2023\/07\/unisex-organic-cotton-t-shirt-white-back-64b3bfed939b9-1536x1536.jpg",1536,1536,true],"2048x2048":["https:\/\/paris-noe.me\/nowaient\/wp-content\/uploads\/2023\/07\/unisex-organic-cotton-t-shirt-white-back-64b3bfed939b9.jpg",2000,2000,false],"mailpoet_newsletter_max":["https:\/\/paris-noe.me\/nowaient\/wp-content\/uploads\/2023\/07\/unisex-organic-cotton-t-shirt-white-back-64b3bfed939b9-1320x1320.jpg",1320,1320,true],"woocommerce_thumbnail":["https:\/\/paris-noe.me\/nowaient\/wp-content\/uploads\/2023\/07\/unisex-organic-cotton-t-shirt-white-back-64b3bfed939b9-300x300.jpg",300,300,true],"woocommerce_single":["https:\/\/paris-noe.me\/nowaient\/wp-content\/uploads\/2023\/07\/unisex-organic-cotton-t-shirt-white-back-64b3bfed939b9-600x600.jpg",600,600,true],"woocommerce_gallery_thumbnail":["https:\/\/paris-noe.me\/nowaient\/wp-content\/uploads\/2023\/07\/unisex-organic-cotton-t-shirt-white-back-64b3bfed939b9-100x100.jpg",100,100,true]},"uagb_author_info":{"display_name":"Nowaient","author_link":"https:\/\/paris-noe.me\/nowaient\/author\/"},"uagb_comment_info":0,"uagb_excerpt":"Je te vois bien avec ce t-shirt, depuis ma fen\u00eatre&#8230; Con\u00e7u avec soin, ce t-shirt est fabriqu\u00e9 \u00e0 partir de coton 100 % biologique fil\u00e9 \u00e0 l&#8217;anneau, offrant une sensation de douceur et de confort incomparable. Avec un poids de tissu de 180 g\/m\u00b2 (5,3 oz\/yd\u00b2), ce t-shirt pr\u00e9sente une coupe semi-ajust\u00e9e et est confectionn\u00e9\u2026","_links":{"self":[{"href":"https:\/\/paris-noe.me\/nowaient\/wp-json\/wp\/v2\/product\/929","targetHints":{"allow":["GET"]}}],"collection":[{"href":"https:\/\/paris-noe.me\/nowaient\/wp-json\/wp\/v2\/product"}],"about":[{"href":"https:\/\/paris-noe.me\/nowaient\/wp-json\/wp\/v2\/types\/product"}],"replies":[{"embeddable":true,"href":"https:\/\/paris-noe.me\/nowaient\/wp-json\/wp\/v2\/comments?post=929"}],"wp:featuredmedia":[{"embeddable":true,"href":"https:\/\/paris-noe.me\/nowaient\/wp-json\/wp\/v2\/media\/940"}],"wp:attachment":[{"href":"https:\/\/paris-noe.me\/nowaient\/wp-json\/wp\/v2\/media?parent=929"}],"wp:term":[{"taxonomy":"product_brand","embeddable":true,"href":"https:\/\/paris-noe.me\/nowaient\/wp-json\/wp\/v2\/product_brand?post=929"},{"taxonomy":"product_cat","embeddable":true,"href":"https:\/\/paris-noe.me\/nowaient\/wp-json\/wp\/v2\/product_cat?post=929"},{"taxonomy":"product_tag","embeddable":true,"href":"https:\/\/paris-noe.me\/nowaient\/wp-json\/wp\/v2\/product_tag?post=929"}],"curies":[{"name":"wp","href":"https:\/\/api.w.org\/{rel}","templated":true}]}}