{"id":799,"date":"2023-05-03T11:27:11","date_gmt":"2023-05-03T09:27:11","guid":{"rendered":"https:\/\/paris-noe.me\/nowaient\/produit\/hoodie-nwnt\/"},"modified":"2024-05-26T17:38:21","modified_gmt":"2024-05-26T15:38:21","slug":"hoodie-nwnt","status":"publish","type":"product","link":"https:\/\/paris-noe.me\/nowaient\/produit\/hoodie-nwnt\/","title":{"rendered":"NWNT &#8211; Hoodie"},"content":{"rendered":"<p>Le must-have de ta garde-robe de manif. Avec sa capuche, tu pourras te camoufler \u00e0 tout moment. Et le logo NWNT en s\u00e9rigraphie blanche sur fond noir, c&#8217;est l&#8217;assurance d&#8217;\u00eatre styl\u00e9 tout en passant sur BFMTV en train de bruler une poubelle.<\/p>\n<p>\u2022 50 % coton pr\u00e9-r\u00e9tr\u00e9ci \/ 50 % polyester<br \/>\n\u2022 Poids du tissu : 271,25 g\/m\u00b2 (8.0 oz\/yd\u00b2)<br \/>\n\u2022 Boulochage r\u00e9duit et fil\u00e9 \u00e0 jet d\u2019air pour un toucher doux<br \/>\n\u2022 Capuche doubl\u00e9e avec cordon de serrage assorti<br \/>\n\u2022 Tourn\u00e9 au quart de tour pour \u00e9viter les plis au milieu<br \/>\n\u2022 Poignets et ceinture en tricot c\u00f4tel\u00e9 athl\u00e9tique 1\u00d71, avec \u00e9lasthanne<br \/>\n\u2022 Poche avant<br \/>\n\u2022 Col, \u00e9paules, emmanchures, poignets et ourlet cousus \u00e0 double aiguille<\/p>\n","protected":false},"excerpt":{"rendered":"<p>Le must-have de ta garde-robe de manif. Avec sa capuche, tu pourras te camoufler \u00e0 tout moment. Et le logo NWNT en s\u00e9rigraphie blanche sur fond noir, c&#8217;est l&#8217;assurance d&#8217;\u00eatre styl\u00e9 tout en passant sur BFMTV en train de bruler une poubelle. \u2022 50 % coton pr\u00e9-r\u00e9tr\u00e9ci \/ 50 % polyester \u2022 Poids du tissu [&hellip;]<\/p>\n","protected":false},"featured_media":812,"comment_status":"open","ping_status":"closed","template":"","meta":{"_uag_custom_page_level_css":"","site-sidebar-layout":"default","site-content-layout":"","ast-site-content-layout":"default","site-content-style":"default","site-sidebar-style":"default","ast-global-header-display":"","ast-banner-title-visibility":"","ast-main-header-display":"","ast-hfb-above-header-display":"","ast-hfb-below-header-display":"","ast-hfb-mobile-header-display":"","site-post-title":"","ast-breadcrumbs-content":"","ast-featured-img":"","footer-sml-layout":"","theme-transparent-header-meta":"default","adv-header-id-meta":"","stick-header-meta":"","header-above-stick-meta":"","header-main-stick-meta":"","header-below-stick-meta":"","astra-migrate-meta-layouts":"set","ast-page-background-enabled":"default","ast-page-background-meta":{"desktop":{"background-color":"var(--ast-global-color-4)","background-image":"","background-repeat":"repeat","background-position":"center center","background-size":"auto","background-attachment":"scroll","background-type":"","background-media":"","overlay-type":"","overlay-color":"","overlay-opacity":"","overlay-gradient":""},"tablet":{"background-color":"","background-image":"","background-repeat":"repeat","background-position":"center center","background-size":"auto","background-attachment":"scroll","background-type":"","background-media":"","overlay-type":"","overlay-color":"","overlay-opacity":"","overlay-gradient":""},"mobile":{"background-color":"","background-image":"","background-repeat":"repeat","background-position":"center center","background-size":"auto","background-attachment":"scroll","background-type":"","background-media":"","overlay-type":"","overlay-color":"","overlay-opacity":"","overlay-gradient":""}},"ast-content-background-meta":{"desktop":{"background-color":"var(--ast-global-color-5)","background-image":"","background-repeat":"repeat","background-position":"center center","background-size":"auto","background-attachment":"scroll","background-type":"","background-media":"","overlay-type":"","overlay-color":"","overlay-opacity":"","overlay-gradient":""},"tablet":{"background-color":"var(--ast-global-color-5)","background-image":"","background-repeat":"repeat","background-position":"center center","background-size":"auto","background-attachment":"scroll","background-type":"","background-media":"","overlay-type":"","overlay-color":"","overlay-opacity":"","overlay-gradient":""},"mobile":{"background-color":"var(--ast-global-color-5)","background-image":"","background-repeat":"repeat","background-position":"center center","background-size":"auto","background-attachment":"scroll","background-type":"","background-media":"","overlay-type":"","overlay-color":"","overlay-opacity":"","overlay-gradient":""}}},"product_brand":[],"product_cat":[67],"product_tag":[],"class_list":{"0":"post-799","1":"product","2":"type-product","3":"status-publish","4":"has-post-thumbnail","6":"product_cat-hoodie","7":"desktop-align-left","8":"tablet-align-left","9":"mobile-align-left","11":"first","12":"instock","13":"shipping-taxable","14":"purchasable","15":"product-type-variable"},"uagb_featured_image_src":{"full":["https:\/\/paris-noe.me\/nowaient\/wp-content\/uploads\/2023\/05\/unisex-heavy-blend-hoodie-black-back-645228dba5db3.jpg",2000,2000,false],"thumbnail":["https:\/\/paris-noe.me\/nowaient\/wp-content\/uploads\/2023\/05\/unisex-heavy-blend-hoodie-black-back-645228dba5db3-150x150.jpg",150,150,true],"medium":["https:\/\/paris-noe.me\/nowaient\/wp-content\/uploads\/2023\/05\/unisex-heavy-blend-hoodie-black-back-645228dba5db3-300x300.jpg",300,300,true],"medium_large":["https:\/\/paris-noe.me\/nowaient\/wp-content\/uploads\/2023\/05\/unisex-heavy-blend-hoodie-black-back-645228dba5db3-768x768.jpg",768,768,true],"large":["https:\/\/paris-noe.me\/nowaient\/wp-content\/uploads\/2023\/05\/unisex-heavy-blend-hoodie-black-back-645228dba5db3-1024x1024.jpg",1024,1024,true],"1536x1536":["https:\/\/paris-noe.me\/nowaient\/wp-content\/uploads\/2023\/05\/unisex-heavy-blend-hoodie-black-back-645228dba5db3-1536x1536.jpg",1536,1536,true],"2048x2048":["https:\/\/paris-noe.me\/nowaient\/wp-content\/uploads\/2023\/05\/unisex-heavy-blend-hoodie-black-back-645228dba5db3.jpg",2000,2000,false],"mailpoet_newsletter_max":["https:\/\/paris-noe.me\/nowaient\/wp-content\/uploads\/2023\/05\/unisex-heavy-blend-hoodie-black-back-645228dba5db3-1320x1320.jpg",1320,1320,true],"woocommerce_thumbnail":["https:\/\/paris-noe.me\/nowaient\/wp-content\/uploads\/2023\/05\/unisex-heavy-blend-hoodie-black-back-645228dba5db3-300x300.jpg",300,300,true],"woocommerce_single":["https:\/\/paris-noe.me\/nowaient\/wp-content\/uploads\/2023\/05\/unisex-heavy-blend-hoodie-black-back-645228dba5db3-600x600.jpg",600,600,true],"woocommerce_gallery_thumbnail":["https:\/\/paris-noe.me\/nowaient\/wp-content\/uploads\/2023\/05\/unisex-heavy-blend-hoodie-black-back-645228dba5db3-100x100.jpg",100,100,true]},"uagb_author_info":{"display_name":"Nowaient","author_link":"https:\/\/paris-noe.me\/nowaient\/author\/"},"uagb_comment_info":0,"uagb_excerpt":"Le must-have de ta garde-robe de manif. Avec sa capuche, tu pourras te camoufler \u00e0 tout moment. Et le logo NWNT en s\u00e9rigraphie blanche sur fond noir, c&#8217;est l&#8217;assurance d&#8217;\u00eatre styl\u00e9 tout en passant sur BFMTV en train de bruler une poubelle. \u2022 50 % coton pr\u00e9-r\u00e9tr\u00e9ci \/ 50 % polyester \u2022 Poids du tissu\u2026","_links":{"self":[{"href":"https:\/\/paris-noe.me\/nowaient\/wp-json\/wp\/v2\/product\/799","targetHints":{"allow":["GET"]}}],"collection":[{"href":"https:\/\/paris-noe.me\/nowaient\/wp-json\/wp\/v2\/product"}],"about":[{"href":"https:\/\/paris-noe.me\/nowaient\/wp-json\/wp\/v2\/types\/product"}],"replies":[{"embeddable":true,"href":"https:\/\/paris-noe.me\/nowaient\/wp-json\/wp\/v2\/comments?post=799"}],"wp:featuredmedia":[{"embeddable":true,"href":"https:\/\/paris-noe.me\/nowaient\/wp-json\/wp\/v2\/media\/812"}],"wp:attachment":[{"href":"https:\/\/paris-noe.me\/nowaient\/wp-json\/wp\/v2\/media?parent=799"}],"wp:term":[{"taxonomy":"product_brand","embeddable":true,"href":"https:\/\/paris-noe.me\/nowaient\/wp-json\/wp\/v2\/product_brand?post=799"},{"taxonomy":"product_cat","embeddable":true,"href":"https:\/\/paris-noe.me\/nowaient\/wp-json\/wp\/v2\/product_cat?post=799"},{"taxonomy":"product_tag","embeddable":true,"href":"https:\/\/paris-noe.me\/nowaient\/wp-json\/wp\/v2\/product_tag?post=799"}],"curies":[{"name":"wp","href":"https:\/\/api.w.org\/{rel}","templated":true}]}}