{"id":772,"date":"2023-05-02T17:46:20","date_gmt":"2023-05-02T15:46:20","guid":{"rendered":"https:\/\/paris-noe.me\/nowaient\/produit\/coupe-vent-nwnt\/"},"modified":"2024-05-26T17:37:16","modified_gmt":"2024-05-26T15:37:16","slug":"coupe-vent-nwnt","status":"publish","type":"product","link":"https:\/\/paris-noe.me\/nowaient\/produit\/coupe-vent-nwnt\/","title":{"rendered":"NWNT &#8211; Coupe vent"},"content":{"rendered":"<p>Une veste qui a du style, parfaite pour les jours o\u00f9 tu veux te la jouer rebelle. Enti\u00e8rement noire avec le logo NWNT brod\u00e9 sur la poitrine, tu pourras te faufiler incognito dans la foule. Et si jamais \u00e7a d\u00e9g\u00e9n\u00e8re, la veste te prot\u00e8gera des gaz lacrymog\u00e8nes !<\/p>\n<p>\u2022 100\u00a0% polyamide<br \/>\n\u2022 Poids du tissu\u00a0:\u00a0202 g\/m\u00b2 (7,13 oz\/yd\u00b2)<br \/>\n\u2022 Coupe droite<br \/>\n\u2022 Capuche avec cordon de serrage, fermeture zipp\u00e9e, poignets et ourlet \u00e9lastiqu\u00e9s<br \/>\n\u2022 2 poches zipp\u00e9es<br \/>\n\u2022 Le tissu de ce produit est certifi\u00e9 OEKO-TEX Standard 100 et Vegan approuv\u00e9 par PETA<\/p>\n","protected":false},"excerpt":{"rendered":"<p>Une veste qui a du style, parfaite pour les jours o\u00f9 tu veux te la jouer rebelle. Enti\u00e8rement noire avec le logo NWNT brod\u00e9 sur la poitrine, tu pourras te faufiler incognito dans la foule. Et si jamais \u00e7a d\u00e9g\u00e9n\u00e8re, la veste te prot\u00e8gera des gaz lacrymog\u00e8nes ! \u2022 100\u00a0% polyamide \u2022 Poids du tissu\u00a0:\u00a0202 [&hellip;]<\/p>\n","protected":false},"featured_media":779,"comment_status":"open","ping_status":"closed","template":"","meta":{"_uag_custom_page_level_css":"","site-sidebar-layout":"default","site-content-layout":"","ast-site-content-layout":"default","site-content-style":"default","site-sidebar-style":"default","ast-global-header-display":"","ast-banner-title-visibility":"","ast-main-header-display":"","ast-hfb-above-header-display":"","ast-hfb-below-header-display":"","ast-hfb-mobile-header-display":"","site-post-title":"","ast-breadcrumbs-content":"","ast-featured-img":"","footer-sml-layout":"","theme-transparent-header-meta":"default","adv-header-id-meta":"","stick-header-meta":"","header-above-stick-meta":"","header-main-stick-meta":"","header-below-stick-meta":"","astra-migrate-meta-layouts":"set","ast-page-background-enabled":"default","ast-page-background-meta":{"desktop":{"background-color":"var(--ast-global-color-4)","background-image":"","background-repeat":"repeat","background-position":"center center","background-size":"auto","background-attachment":"scroll","background-type":"","background-media":"","overlay-type":"","overlay-color":"","overlay-opacity":"","overlay-gradient":""},"tablet":{"background-color":"","background-image":"","background-repeat":"repeat","background-position":"center center","background-size":"auto","background-attachment":"scroll","background-type":"","background-media":"","overlay-type":"","overlay-color":"","overlay-opacity":"","overlay-gradient":""},"mobile":{"background-color":"","background-image":"","background-repeat":"repeat","background-position":"center center","background-size":"auto","background-attachment":"scroll","background-type":"","background-media":"","overlay-type":"","overlay-color":"","overlay-opacity":"","overlay-gradient":""}},"ast-content-background-meta":{"desktop":{"background-color":"var(--ast-global-color-5)","background-image":"","background-repeat":"repeat","background-position":"center center","background-size":"auto","background-attachment":"scroll","background-type":"","background-media":"","overlay-type":"","overlay-color":"","overlay-opacity":"","overlay-gradient":""},"tablet":{"background-color":"var(--ast-global-color-5)","background-image":"","background-repeat":"repeat","background-position":"center center","background-size":"auto","background-attachment":"scroll","background-type":"","background-media":"","overlay-type":"","overlay-color":"","overlay-opacity":"","overlay-gradient":""},"mobile":{"background-color":"var(--ast-global-color-5)","background-image":"","background-repeat":"repeat","background-position":"center center","background-size":"auto","background-attachment":"scroll","background-type":"","background-media":"","overlay-type":"","overlay-color":"","overlay-opacity":"","overlay-gradient":""}}},"product_brand":[],"product_cat":[74],"product_tag":[],"class_list":{"0":"post-772","1":"product","2":"type-product","3":"status-publish","4":"has-post-thumbnail","6":"product_cat-veste","7":"desktop-align-left","8":"tablet-align-left","9":"mobile-align-left","11":"first","12":"instock","13":"shipping-taxable","14":"purchasable","15":"product-type-variable"},"uagb_featured_image_src":{"full":["https:\/\/paris-noe.me\/nowaient\/wp-content\/uploads\/2023\/05\/basic-unisex-windbreaker-black-front-64513037aba74.jpg",2000,2000,false],"thumbnail":["https:\/\/paris-noe.me\/nowaient\/wp-content\/uploads\/2023\/05\/basic-unisex-windbreaker-black-front-64513037aba74-150x150.jpg",150,150,true],"medium":["https:\/\/paris-noe.me\/nowaient\/wp-content\/uploads\/2023\/05\/basic-unisex-windbreaker-black-front-64513037aba74-300x300.jpg",300,300,true],"medium_large":["https:\/\/paris-noe.me\/nowaient\/wp-content\/uploads\/2023\/05\/basic-unisex-windbreaker-black-front-64513037aba74-768x768.jpg",768,768,true],"large":["https:\/\/paris-noe.me\/nowaient\/wp-content\/uploads\/2023\/05\/basic-unisex-windbreaker-black-front-64513037aba74-1024x1024.jpg",1024,1024,true],"1536x1536":["https:\/\/paris-noe.me\/nowaient\/wp-content\/uploads\/2023\/05\/basic-unisex-windbreaker-black-front-64513037aba74-1536x1536.jpg",1536,1536,true],"2048x2048":["https:\/\/paris-noe.me\/nowaient\/wp-content\/uploads\/2023\/05\/basic-unisex-windbreaker-black-front-64513037aba74.jpg",2000,2000,false],"mailpoet_newsletter_max":["https:\/\/paris-noe.me\/nowaient\/wp-content\/uploads\/2023\/05\/basic-unisex-windbreaker-black-front-64513037aba74-1320x1320.jpg",1320,1320,true],"woocommerce_thumbnail":["https:\/\/paris-noe.me\/nowaient\/wp-content\/uploads\/2023\/05\/basic-unisex-windbreaker-black-front-64513037aba74-300x300.jpg",300,300,true],"woocommerce_single":["https:\/\/paris-noe.me\/nowaient\/wp-content\/uploads\/2023\/05\/basic-unisex-windbreaker-black-front-64513037aba74-600x600.jpg",600,600,true],"woocommerce_gallery_thumbnail":["https:\/\/paris-noe.me\/nowaient\/wp-content\/uploads\/2023\/05\/basic-unisex-windbreaker-black-front-64513037aba74-100x100.jpg",100,100,true]},"uagb_author_info":{"display_name":"Nowaient","author_link":"https:\/\/paris-noe.me\/nowaient\/author\/"},"uagb_comment_info":0,"uagb_excerpt":"Une veste qui a du style, parfaite pour les jours o\u00f9 tu veux te la jouer rebelle. Enti\u00e8rement noire avec le logo NWNT brod\u00e9 sur la poitrine, tu pourras te faufiler incognito dans la foule. Et si jamais \u00e7a d\u00e9g\u00e9n\u00e8re, la veste te prot\u00e8gera des gaz lacrymog\u00e8nes ! \u2022 100\u00a0% polyamide \u2022 Poids du tissu\u00a0:\u00a0202\u2026","_links":{"self":[{"href":"https:\/\/paris-noe.me\/nowaient\/wp-json\/wp\/v2\/product\/772","targetHints":{"allow":["GET"]}}],"collection":[{"href":"https:\/\/paris-noe.me\/nowaient\/wp-json\/wp\/v2\/product"}],"about":[{"href":"https:\/\/paris-noe.me\/nowaient\/wp-json\/wp\/v2\/types\/product"}],"replies":[{"embeddable":true,"href":"https:\/\/paris-noe.me\/nowaient\/wp-json\/wp\/v2\/comments?post=772"}],"wp:featuredmedia":[{"embeddable":true,"href":"https:\/\/paris-noe.me\/nowaient\/wp-json\/wp\/v2\/media\/779"}],"wp:attachment":[{"href":"https:\/\/paris-noe.me\/nowaient\/wp-json\/wp\/v2\/media?parent=772"}],"wp:term":[{"taxonomy":"product_brand","embeddable":true,"href":"https:\/\/paris-noe.me\/nowaient\/wp-json\/wp\/v2\/product_brand?post=772"},{"taxonomy":"product_cat","embeddable":true,"href":"https:\/\/paris-noe.me\/nowaient\/wp-json\/wp\/v2\/product_cat?post=772"},{"taxonomy":"product_tag","embeddable":true,"href":"https:\/\/paris-noe.me\/nowaient\/wp-json\/wp\/v2\/product_tag?post=772"}],"curies":[{"name":"wp","href":"https:\/\/api.w.org\/{rel}","templated":true}]}}