{"id":750,"date":"2023-04-17T21:56:46","date_gmt":"2023-04-17T19:56:46","guid":{"rendered":"https:\/\/paris-noe.me\/nowaient\/produit\/eyes-eyes\/"},"modified":"2024-05-26T17:40:33","modified_gmt":"2024-05-26T15:40:33","slug":"eyes-eyes","status":"publish","type":"product","link":"https:\/\/paris-noe.me\/nowaient\/produit\/eyes-eyes\/","title":{"rendered":"EYES &#8211; Sweatshirt"},"content":{"rendered":"<p>Encore des yeux ? Oui ! Mais ceux-l\u00e0 ils voient \u00e0 travers les \u00e2mes, seul les \u00e2mes pures peuvent le porter.<\/p>\n<p>\u2022 85\u00a0% coton peign\u00e9 biologique fil\u00e9 \u00e0 l&#8217;anneau, 15\u00a0% polyester recycl\u00e9<br \/>\n\u2022 Poids du tissu\u00a0: 350 g\/m\u00b2 (10,3 oz\/yd\u00b2)<br \/>\n\u2022 Coupe d\u00e9contract\u00e9e<br \/>\n\u2022 Manches mont\u00e9es<br \/>\n\u2022 C\u00f4te 1\u00d71 \u00e0 l\u2019encolure, aux poignets et \u00e0 la base<br \/>\n\u2022 Surpiq\u00fbre simple \u00e0 l\u2019encolure<br \/>\n\u2022 Double surpiq\u00fbre sur les manches et les ourlets inf\u00e9rieurs<br \/>\n\u2022 Bande de propret\u00e9 \u00e0 chevrons dans le cou<br \/>\n\u2022 Insertion en demi-lune assortie dans l\u2019encolure<\/p>\n","protected":false},"excerpt":{"rendered":"<p>Encore des yeux ? Oui ! Mais ceux-l\u00e0 ils voient \u00e0 travers les \u00e2mes, seul les \u00e2mes pures peuvent le porter. \u2022 85\u00a0% coton peign\u00e9 biologique fil\u00e9 \u00e0 l&#8217;anneau, 15\u00a0% polyester recycl\u00e9 \u2022 Poids du tissu\u00a0: 350 g\/m\u00b2 (10,3 oz\/yd\u00b2) \u2022 Coupe d\u00e9contract\u00e9e \u2022 Manches mont\u00e9es \u2022 C\u00f4te 1\u00d71 \u00e0 l\u2019encolure, aux poignets et \u00e0 [&hellip;]<\/p>\n","protected":false},"featured_media":759,"comment_status":"open","ping_status":"closed","template":"","meta":{"_uag_custom_page_level_css":"","site-sidebar-layout":"default","site-content-layout":"","ast-site-content-layout":"default","site-content-style":"default","site-sidebar-style":"default","ast-global-header-display":"","ast-banner-title-visibility":"","ast-main-header-display":"","ast-hfb-above-header-display":"","ast-hfb-below-header-display":"","ast-hfb-mobile-header-display":"","site-post-title":"","ast-breadcrumbs-content":"","ast-featured-img":"","footer-sml-layout":"","theme-transparent-header-meta":"default","adv-header-id-meta":"","stick-header-meta":"","header-above-stick-meta":"","header-main-stick-meta":"","header-below-stick-meta":"","astra-migrate-meta-layouts":"set","ast-page-background-enabled":"default","ast-page-background-meta":{"desktop":{"background-color":"var(--ast-global-color-4)","background-image":"","background-repeat":"repeat","background-position":"center center","background-size":"auto","background-attachment":"scroll","background-type":"","background-media":"","overlay-type":"","overlay-color":"","overlay-opacity":"","overlay-gradient":""},"tablet":{"background-color":"","background-image":"","background-repeat":"repeat","background-position":"center center","background-size":"auto","background-attachment":"scroll","background-type":"","background-media":"","overlay-type":"","overlay-color":"","overlay-opacity":"","overlay-gradient":""},"mobile":{"background-color":"","background-image":"","background-repeat":"repeat","background-position":"center center","background-size":"auto","background-attachment":"scroll","background-type":"","background-media":"","overlay-type":"","overlay-color":"","overlay-opacity":"","overlay-gradient":""}},"ast-content-background-meta":{"desktop":{"background-color":"var(--ast-global-color-5)","background-image":"","background-repeat":"repeat","background-position":"center center","background-size":"auto","background-attachment":"scroll","background-type":"","background-media":"","overlay-type":"","overlay-color":"","overlay-opacity":"","overlay-gradient":""},"tablet":{"background-color":"var(--ast-global-color-5)","background-image":"","background-repeat":"repeat","background-position":"center center","background-size":"auto","background-attachment":"scroll","background-type":"","background-media":"","overlay-type":"","overlay-color":"","overlay-opacity":"","overlay-gradient":""},"mobile":{"background-color":"var(--ast-global-color-5)","background-image":"","background-repeat":"repeat","background-position":"center center","background-size":"auto","background-attachment":"scroll","background-type":"","background-media":"","overlay-type":"","overlay-color":"","overlay-opacity":"","overlay-gradient":""}}},"product_brand":[],"product_cat":[68],"product_tag":[],"class_list":{"0":"post-750","1":"product","2":"type-product","3":"status-publish","4":"has-post-thumbnail","6":"product_cat-sweatshirt","7":"desktop-align-left","8":"tablet-align-left","9":"mobile-align-left","11":"first","12":"instock","13":"shipping-taxable","14":"purchasable","15":"product-type-variable"},"uagb_featured_image_src":{"full":["https:\/\/paris-noe.me\/nowaient\/wp-content\/uploads\/2023\/04\/unisex-eco-sweatshirt-black-front-643da43609702.jpg",2000,2000,false],"thumbnail":["https:\/\/paris-noe.me\/nowaient\/wp-content\/uploads\/2023\/04\/unisex-eco-sweatshirt-black-front-643da43609702-150x150.jpg",150,150,true],"medium":["https:\/\/paris-noe.me\/nowaient\/wp-content\/uploads\/2023\/04\/unisex-eco-sweatshirt-black-front-643da43609702-300x300.jpg",300,300,true],"medium_large":["https:\/\/paris-noe.me\/nowaient\/wp-content\/uploads\/2023\/04\/unisex-eco-sweatshirt-black-front-643da43609702-768x768.jpg",768,768,true],"large":["https:\/\/paris-noe.me\/nowaient\/wp-content\/uploads\/2023\/04\/unisex-eco-sweatshirt-black-front-643da43609702-1024x1024.jpg",1024,1024,true],"1536x1536":["https:\/\/paris-noe.me\/nowaient\/wp-content\/uploads\/2023\/04\/unisex-eco-sweatshirt-black-front-643da43609702-1536x1536.jpg",1536,1536,true],"2048x2048":["https:\/\/paris-noe.me\/nowaient\/wp-content\/uploads\/2023\/04\/unisex-eco-sweatshirt-black-front-643da43609702.jpg",2000,2000,false],"mailpoet_newsletter_max":["https:\/\/paris-noe.me\/nowaient\/wp-content\/uploads\/2023\/04\/unisex-eco-sweatshirt-black-front-643da43609702-1320x1320.jpg",1320,1320,true],"woocommerce_thumbnail":["https:\/\/paris-noe.me\/nowaient\/wp-content\/uploads\/2023\/04\/unisex-eco-sweatshirt-black-front-643da43609702-300x300.jpg",300,300,true],"woocommerce_single":["https:\/\/paris-noe.me\/nowaient\/wp-content\/uploads\/2023\/04\/unisex-eco-sweatshirt-black-front-643da43609702-600x600.jpg",600,600,true],"woocommerce_gallery_thumbnail":["https:\/\/paris-noe.me\/nowaient\/wp-content\/uploads\/2023\/04\/unisex-eco-sweatshirt-black-front-643da43609702-100x100.jpg",100,100,true]},"uagb_author_info":{"display_name":"Nowaient","author_link":"https:\/\/paris-noe.me\/nowaient\/author\/"},"uagb_comment_info":0,"uagb_excerpt":"Encore des yeux ? Oui ! Mais ceux-l\u00e0 ils voient \u00e0 travers les \u00e2mes, seul les \u00e2mes pures peuvent le porter. \u2022 85\u00a0% coton peign\u00e9 biologique fil\u00e9 \u00e0 l&#8217;anneau, 15\u00a0% polyester recycl\u00e9 \u2022 Poids du tissu\u00a0: 350 g\/m\u00b2 (10,3 oz\/yd\u00b2) \u2022 Coupe d\u00e9contract\u00e9e \u2022 Manches mont\u00e9es \u2022 C\u00f4te 1\u00d71 \u00e0 l\u2019encolure, aux poignets et \u00e0\u2026","_links":{"self":[{"href":"https:\/\/paris-noe.me\/nowaient\/wp-json\/wp\/v2\/product\/750","targetHints":{"allow":["GET"]}}],"collection":[{"href":"https:\/\/paris-noe.me\/nowaient\/wp-json\/wp\/v2\/product"}],"about":[{"href":"https:\/\/paris-noe.me\/nowaient\/wp-json\/wp\/v2\/types\/product"}],"replies":[{"embeddable":true,"href":"https:\/\/paris-noe.me\/nowaient\/wp-json\/wp\/v2\/comments?post=750"}],"wp:featuredmedia":[{"embeddable":true,"href":"https:\/\/paris-noe.me\/nowaient\/wp-json\/wp\/v2\/media\/759"}],"wp:attachment":[{"href":"https:\/\/paris-noe.me\/nowaient\/wp-json\/wp\/v2\/media?parent=750"}],"wp:term":[{"taxonomy":"product_brand","embeddable":true,"href":"https:\/\/paris-noe.me\/nowaient\/wp-json\/wp\/v2\/product_brand?post=750"},{"taxonomy":"product_cat","embeddable":true,"href":"https:\/\/paris-noe.me\/nowaient\/wp-json\/wp\/v2\/product_cat?post=750"},{"taxonomy":"product_tag","embeddable":true,"href":"https:\/\/paris-noe.me\/nowaient\/wp-json\/wp\/v2\/product_tag?post=750"}],"curies":[{"name":"wp","href":"https:\/\/api.w.org\/{rel}","templated":true}]}}