{"id":651,"date":"2023-02-11T14:02:34","date_gmt":"2023-02-11T13:02:34","guid":{"rendered":"https:\/\/paris-noe.me\/nowaient\/produit\/sss-sweat\/"},"modified":"2024-01-06T13:25:51","modified_gmt":"2024-01-06T12:25:51","slug":"sss-sweat","status":"publish","type":"product","link":"https:\/\/paris-noe.me\/nowaient\/produit\/sss-sweat\/","title":{"rendered":"SSS &#8211; Sweatshirt"},"content":{"rendered":"<p>Tu observes la soci\u00e9t\u00e9 ou c&#8217;est elle qui t&#8217;observe ? Rien n&#8217;est secret ! Comme par hasard&#8230;<\/p>\n<p>\u2022 Face 100 % coton<br \/>\n\u2022 65 % coton, 35 % polyester<br \/>\n\u2022 Charcoal Heather 55 % coton, 45 % polyester<br \/>\n\u2022 Poids du tissu : 288,2 g\/m\u00b2 (8,5 oz\/y\u00b2)<br \/>\n\u2022 Tissage polaire serr\u00e9 <br \/>\n\u2022 Coutures lat\u00e9rales<br \/>\n\u2022 Patch en tissu sur le dos<br \/>\n\u2022 Col, poignets et bords c\u00f4tel\u00e9s \u00e0 double piq\u00fbre<\/p>\n","protected":false},"excerpt":{"rendered":"<p>Tu observes la soci\u00e9t\u00e9 ou c&#8217;est elle qui t&#8217;observe ? Rien n&#8217;est secret ! Comme par hasard&#8230; \u2022 Face 100 % coton \u2022 65 % coton, 35 % polyester \u2022 Charcoal Heather 55 % coton, 45 % polyester \u2022 Poids du tissu : 288,2 g\/m\u00b2 (8,5 oz\/y\u00b2) \u2022 Tissage polaire serr\u00e9 \u2022 Coutures lat\u00e9rales \u2022 [&hellip;]<\/p>\n","protected":false},"featured_media":660,"comment_status":"open","ping_status":"closed","template":"","meta":{"_uag_custom_page_level_css":"","site-sidebar-layout":"default","site-content-layout":"","ast-site-content-layout":"","site-content-style":"default","site-sidebar-style":"default","ast-global-header-display":"","ast-banner-title-visibility":"","ast-main-header-display":"","ast-hfb-above-header-display":"","ast-hfb-below-header-display":"","ast-hfb-mobile-header-display":"","site-post-title":"","ast-breadcrumbs-content":"","ast-featured-img":"","footer-sml-layout":"","theme-transparent-header-meta":"","adv-header-id-meta":"","stick-header-meta":"","header-above-stick-meta":"","header-main-stick-meta":"","header-below-stick-meta":"","astra-migrate-meta-layouts":"default","ast-page-background-enabled":"default","ast-page-background-meta":{"desktop":{"background-color":"var(--ast-global-color-4)","background-image":"","background-repeat":"repeat","background-position":"center center","background-size":"auto","background-attachment":"scroll","background-type":"","background-media":"","overlay-type":"","overlay-color":"","overlay-opacity":"","overlay-gradient":""},"tablet":{"background-color":"","background-image":"","background-repeat":"repeat","background-position":"center center","background-size":"auto","background-attachment":"scroll","background-type":"","background-media":"","overlay-type":"","overlay-color":"","overlay-opacity":"","overlay-gradient":""},"mobile":{"background-color":"","background-image":"","background-repeat":"repeat","background-position":"center center","background-size":"auto","background-attachment":"scroll","background-type":"","background-media":"","overlay-type":"","overlay-color":"","overlay-opacity":"","overlay-gradient":""}},"ast-content-background-meta":{"desktop":{"background-color":"var(--ast-global-color-5)","background-image":"","background-repeat":"repeat","background-position":"center center","background-size":"auto","background-attachment":"scroll","background-type":"","background-media":"","overlay-type":"","overlay-color":"","overlay-opacity":"","overlay-gradient":""},"tablet":{"background-color":"var(--ast-global-color-5)","background-image":"","background-repeat":"repeat","background-position":"center center","background-size":"auto","background-attachment":"scroll","background-type":"","background-media":"","overlay-type":"","overlay-color":"","overlay-opacity":"","overlay-gradient":""},"mobile":{"background-color":"var(--ast-global-color-5)","background-image":"","background-repeat":"repeat","background-position":"center center","background-size":"auto","background-attachment":"scroll","background-type":"","background-media":"","overlay-type":"","overlay-color":"","overlay-opacity":"","overlay-gradient":""}}},"product_brand":[],"product_cat":[68],"product_tag":[],"class_list":{"0":"post-651","1":"product","2":"type-product","3":"status-publish","4":"has-post-thumbnail","6":"product_cat-sweatshirt","7":"desktop-align-left","8":"tablet-align-left","9":"mobile-align-left","11":"first","12":"instock","13":"shipping-taxable","14":"purchasable","15":"product-type-variable"},"uagb_featured_image_src":{"full":["https:\/\/paris-noe.me\/nowaient\/wp-content\/uploads\/2023\/02\/unisex-premium-sweatshirt-black-front-63e791db311ff.jpg",2000,2000,false],"thumbnail":["https:\/\/paris-noe.me\/nowaient\/wp-content\/uploads\/2023\/02\/unisex-premium-sweatshirt-black-front-63e791db311ff-150x150.jpg",150,150,true],"medium":["https:\/\/paris-noe.me\/nowaient\/wp-content\/uploads\/2023\/02\/unisex-premium-sweatshirt-black-front-63e791db311ff-300x300.jpg",300,300,true],"medium_large":["https:\/\/paris-noe.me\/nowaient\/wp-content\/uploads\/2023\/02\/unisex-premium-sweatshirt-black-front-63e791db311ff-768x768.jpg",768,768,true],"large":["https:\/\/paris-noe.me\/nowaient\/wp-content\/uploads\/2023\/02\/unisex-premium-sweatshirt-black-front-63e791db311ff-1024x1024.jpg",1024,1024,true],"1536x1536":["https:\/\/paris-noe.me\/nowaient\/wp-content\/uploads\/2023\/02\/unisex-premium-sweatshirt-black-front-63e791db311ff-1536x1536.jpg",1536,1536,true],"2048x2048":["https:\/\/paris-noe.me\/nowaient\/wp-content\/uploads\/2023\/02\/unisex-premium-sweatshirt-black-front-63e791db311ff.jpg",2000,2000,false],"mailpoet_newsletter_max":["https:\/\/paris-noe.me\/nowaient\/wp-content\/uploads\/2023\/02\/unisex-premium-sweatshirt-black-front-63e791db311ff-1320x1320.jpg",1320,1320,true],"woocommerce_thumbnail":["https:\/\/paris-noe.me\/nowaient\/wp-content\/uploads\/2023\/02\/unisex-premium-sweatshirt-black-front-63e791db311ff-300x300.jpg",300,300,true],"woocommerce_single":["https:\/\/paris-noe.me\/nowaient\/wp-content\/uploads\/2023\/02\/unisex-premium-sweatshirt-black-front-63e791db311ff-600x600.jpg",600,600,true],"woocommerce_gallery_thumbnail":["https:\/\/paris-noe.me\/nowaient\/wp-content\/uploads\/2023\/02\/unisex-premium-sweatshirt-black-front-63e791db311ff-100x100.jpg",100,100,true]},"uagb_author_info":{"display_name":"Nowaient","author_link":"https:\/\/paris-noe.me\/nowaient\/author\/"},"uagb_comment_info":0,"uagb_excerpt":"Tu observes la soci\u00e9t\u00e9 ou c&#8217;est elle qui t&#8217;observe ? Rien n&#8217;est secret ! Comme par hasard&#8230; \u2022 Face 100 % coton \u2022 65 % coton, 35 % polyester \u2022 Charcoal Heather 55 % coton, 45 % polyester \u2022 Poids du tissu : 288,2 g\/m\u00b2 (8,5 oz\/y\u00b2) \u2022 Tissage polaire serr\u00e9 \u2022 Coutures lat\u00e9rales \u2022\u2026","_links":{"self":[{"href":"https:\/\/paris-noe.me\/nowaient\/wp-json\/wp\/v2\/product\/651","targetHints":{"allow":["GET"]}}],"collection":[{"href":"https:\/\/paris-noe.me\/nowaient\/wp-json\/wp\/v2\/product"}],"about":[{"href":"https:\/\/paris-noe.me\/nowaient\/wp-json\/wp\/v2\/types\/product"}],"replies":[{"embeddable":true,"href":"https:\/\/paris-noe.me\/nowaient\/wp-json\/wp\/v2\/comments?post=651"}],"wp:featuredmedia":[{"embeddable":true,"href":"https:\/\/paris-noe.me\/nowaient\/wp-json\/wp\/v2\/media\/660"}],"wp:attachment":[{"href":"https:\/\/paris-noe.me\/nowaient\/wp-json\/wp\/v2\/media?parent=651"}],"wp:term":[{"taxonomy":"product_brand","embeddable":true,"href":"https:\/\/paris-noe.me\/nowaient\/wp-json\/wp\/v2\/product_brand?post=651"},{"taxonomy":"product_cat","embeddable":true,"href":"https:\/\/paris-noe.me\/nowaient\/wp-json\/wp\/v2\/product_cat?post=651"},{"taxonomy":"product_tag","embeddable":true,"href":"https:\/\/paris-noe.me\/nowaient\/wp-json\/wp\/v2\/product_tag?post=651"}],"curies":[{"name":"wp","href":"https:\/\/api.w.org\/{rel}","templated":true}]}}