{"id":599,"date":"2022-12-27T12:31:22","date_gmt":"2022-12-27T11:31:22","guid":{"rendered":"https:\/\/paris-noe.me\/nowaient\/produit\/nffc-casquette\/"},"modified":"2024-01-08T15:16:00","modified_gmt":"2024-01-08T14:16:00","slug":"nffc-casquette","status":"publish","type":"product","link":"https:\/\/paris-noe.me\/nowaient\/produit\/nffc-casquette\/","title":{"rendered":"NFFC &#8211; Casquette"},"content":{"rendered":"<p>Les jours de matchs c&#8217;est l&#8217;occasion de venir au stade, mais attention au soleil ! La casquette NFFC vous donne acc\u00e8s \u00e0 la tribune Ourson bleu (qui n&#8217;est pas abrit\u00e9 du soleil) et tout \u00e7a pour moiti\u00e9 prix. Alors n&#8217;attendez plus et venez nous voir plus souvent au stade.<\/p>\n<p>Pour soutenir l&#8217;\u00e9quipe amateur et leur permettre de r\u00e9nover la buvette de la 3\u00e8me mi-temps optez pour l&#8217;achat de la casquette NFFC !<\/p>\n<p>\u2022 100 % chino en serg\u00e9 de coton<br \/>\n\u2022 Le coloris Green Camo est compos\u00e9e de 35 % de coton serg\u00e9 chino et de 65 % de polyester<br \/>\n\u2022 Non structur\u00e9e, 6 pans, profil bas<br \/>\n\u2022 6 oeillets brod\u00e9s<br \/>\n\u2022 Couronne de 7,6 cm<br \/>\n\u2022 Languette d\u2019ajustement avec boucle antique<\/p>\n","protected":false},"excerpt":{"rendered":"<p>Les jours de matchs c&#8217;est l&#8217;occasion de venir au stade, mais attention au soleil ! La casquette NFFC vous donne acc\u00e8s \u00e0 la tribune Ourson bleu (qui n&#8217;est pas abrit\u00e9 du soleil) et tout \u00e7a pour moiti\u00e9 prix. Alors n&#8217;attendez plus et venez nous voir plus souvent au stade. Pour soutenir l&#8217;\u00e9quipe amateur et leur [&hellip;]<\/p>\n","protected":false},"featured_media":601,"comment_status":"open","ping_status":"closed","template":"","meta":{"_uag_custom_page_level_css":"","site-sidebar-layout":"default","site-content-layout":"","ast-site-content-layout":"","site-content-style":"default","site-sidebar-style":"default","ast-global-header-display":"","ast-banner-title-visibility":"","ast-main-header-display":"","ast-hfb-above-header-display":"","ast-hfb-below-header-display":"","ast-hfb-mobile-header-display":"","site-post-title":"","ast-breadcrumbs-content":"","ast-featured-img":"","footer-sml-layout":"","theme-transparent-header-meta":"","adv-header-id-meta":"","stick-header-meta":"","header-above-stick-meta":"","header-main-stick-meta":"","header-below-stick-meta":"","astra-migrate-meta-layouts":"default","ast-page-background-enabled":"default","ast-page-background-meta":{"desktop":{"background-color":"var(--ast-global-color-4)","background-image":"","background-repeat":"repeat","background-position":"center center","background-size":"auto","background-attachment":"scroll","background-type":"","background-media":"","overlay-type":"","overlay-color":"","overlay-opacity":"","overlay-gradient":""},"tablet":{"background-color":"","background-image":"","background-repeat":"repeat","background-position":"center center","background-size":"auto","background-attachment":"scroll","background-type":"","background-media":"","overlay-type":"","overlay-color":"","overlay-opacity":"","overlay-gradient":""},"mobile":{"background-color":"","background-image":"","background-repeat":"repeat","background-position":"center center","background-size":"auto","background-attachment":"scroll","background-type":"","background-media":"","overlay-type":"","overlay-color":"","overlay-opacity":"","overlay-gradient":""}},"ast-content-background-meta":{"desktop":{"background-color":"var(--ast-global-color-5)","background-image":"","background-repeat":"repeat","background-position":"center center","background-size":"auto","background-attachment":"scroll","background-type":"","background-media":"","overlay-type":"","overlay-color":"","overlay-opacity":"","overlay-gradient":""},"tablet":{"background-color":"var(--ast-global-color-5)","background-image":"","background-repeat":"repeat","background-position":"center center","background-size":"auto","background-attachment":"scroll","background-type":"","background-media":"","overlay-type":"","overlay-color":"","overlay-opacity":"","overlay-gradient":""},"mobile":{"background-color":"var(--ast-global-color-5)","background-image":"","background-repeat":"repeat","background-position":"center center","background-size":"auto","background-attachment":"scroll","background-type":"","background-media":"","overlay-type":"","overlay-color":"","overlay-opacity":"","overlay-gradient":""}}},"product_brand":[],"product_cat":[69],"product_tag":[],"class_list":{"0":"post-599","1":"product","2":"type-product","3":"status-publish","4":"has-post-thumbnail","6":"product_cat-casquette","7":"desktop-align-left","8":"tablet-align-left","9":"mobile-align-left","11":"first","12":"instock","13":"shipping-taxable","14":"purchasable","15":"product-type-simple"},"uagb_featured_image_src":{"full":["https:\/\/paris-noe.me\/nowaient\/wp-content\/uploads\/2022\/12\/classic-dad-hat-black-front-63aad7825903e.jpg",2000,2000,false],"thumbnail":["https:\/\/paris-noe.me\/nowaient\/wp-content\/uploads\/2022\/12\/classic-dad-hat-black-front-63aad7825903e-150x150.jpg",150,150,true],"medium":["https:\/\/paris-noe.me\/nowaient\/wp-content\/uploads\/2022\/12\/classic-dad-hat-black-front-63aad7825903e-300x300.jpg",300,300,true],"medium_large":["https:\/\/paris-noe.me\/nowaient\/wp-content\/uploads\/2022\/12\/classic-dad-hat-black-front-63aad7825903e-768x768.jpg",768,768,true],"large":["https:\/\/paris-noe.me\/nowaient\/wp-content\/uploads\/2022\/12\/classic-dad-hat-black-front-63aad7825903e-1024x1024.jpg",1024,1024,true],"1536x1536":["https:\/\/paris-noe.me\/nowaient\/wp-content\/uploads\/2022\/12\/classic-dad-hat-black-front-63aad7825903e-1536x1536.jpg",1536,1536,true],"2048x2048":["https:\/\/paris-noe.me\/nowaient\/wp-content\/uploads\/2022\/12\/classic-dad-hat-black-front-63aad7825903e.jpg",2000,2000,false],"mailpoet_newsletter_max":["https:\/\/paris-noe.me\/nowaient\/wp-content\/uploads\/2022\/12\/classic-dad-hat-black-front-63aad7825903e-1320x1320.jpg",1320,1320,true],"woocommerce_thumbnail":["https:\/\/paris-noe.me\/nowaient\/wp-content\/uploads\/2022\/12\/classic-dad-hat-black-front-63aad7825903e-300x300.jpg",300,300,true],"woocommerce_single":["https:\/\/paris-noe.me\/nowaient\/wp-content\/uploads\/2022\/12\/classic-dad-hat-black-front-63aad7825903e-600x600.jpg",600,600,true],"woocommerce_gallery_thumbnail":["https:\/\/paris-noe.me\/nowaient\/wp-content\/uploads\/2022\/12\/classic-dad-hat-black-front-63aad7825903e-100x100.jpg",100,100,true]},"uagb_author_info":{"display_name":"Nowaient","author_link":"https:\/\/paris-noe.me\/nowaient\/author\/"},"uagb_comment_info":0,"uagb_excerpt":"Les jours de matchs c&#8217;est l&#8217;occasion de venir au stade, mais attention au soleil ! La casquette NFFC vous donne acc\u00e8s \u00e0 la tribune Ourson bleu (qui n&#8217;est pas abrit\u00e9 du soleil) et tout \u00e7a pour moiti\u00e9 prix. Alors n&#8217;attendez plus et venez nous voir plus souvent au stade. Pour soutenir l&#8217;\u00e9quipe amateur et leur\u2026","_links":{"self":[{"href":"https:\/\/paris-noe.me\/nowaient\/wp-json\/wp\/v2\/product\/599","targetHints":{"allow":["GET"]}}],"collection":[{"href":"https:\/\/paris-noe.me\/nowaient\/wp-json\/wp\/v2\/product"}],"about":[{"href":"https:\/\/paris-noe.me\/nowaient\/wp-json\/wp\/v2\/types\/product"}],"replies":[{"embeddable":true,"href":"https:\/\/paris-noe.me\/nowaient\/wp-json\/wp\/v2\/comments?post=599"}],"wp:featuredmedia":[{"embeddable":true,"href":"https:\/\/paris-noe.me\/nowaient\/wp-json\/wp\/v2\/media\/601"}],"wp:attachment":[{"href":"https:\/\/paris-noe.me\/nowaient\/wp-json\/wp\/v2\/media?parent=599"}],"wp:term":[{"taxonomy":"product_brand","embeddable":true,"href":"https:\/\/paris-noe.me\/nowaient\/wp-json\/wp\/v2\/product_brand?post=599"},{"taxonomy":"product_cat","embeddable":true,"href":"https:\/\/paris-noe.me\/nowaient\/wp-json\/wp\/v2\/product_cat?post=599"},{"taxonomy":"product_tag","embeddable":true,"href":"https:\/\/paris-noe.me\/nowaient\/wp-json\/wp\/v2\/product_tag?post=599"}],"curies":[{"name":"wp","href":"https:\/\/api.w.org\/{rel}","templated":true}]}}