{"id":597,"date":"2022-12-27T12:25:34","date_gmt":"2022-12-27T11:25:34","guid":{"rendered":"https:\/\/paris-noe.me\/nowaient\/produit\/nffc-poster\/"},"modified":"2024-01-06T13:26:31","modified_gmt":"2024-01-06T12:26:31","slug":"nffc-poster","status":"publish","type":"product","link":"https:\/\/paris-noe.me\/nowaient\/produit\/nffc-poster\/","title":{"rendered":"NFFC &#8211; Poster"},"content":{"rendered":"<p>C\u00e9l\u00e9brez cette magnifique saison 2022 pour l&#8217;\u00e9quipe NFFC en affichant chez vous l&#8217;affiche officielle du club !<\/p>\n<p>Pour soutenir l&#8217;\u00e9quipe amateur et leur permettre de r\u00e9nover la pelouse du stade optez pour l&#8217;achat du poster NFFC !<\/p>\n<p>\u2022 \u00c9paisseur du papier\u00a0: 10,3 mil<br \/>\n\u2022 Poids du papier\u00a0: 189\u00a0g\/m\u00b2<br \/>\n\u2022 Opacit\u00e9\u00a0: 94\u00a0%<br \/>\n\u2022 Les affiches 21 \u00d7 30 cm sont de format A4<br \/>\n\u2022 Papier provenant du Japon<\/p>\n","protected":false},"excerpt":{"rendered":"<p>C\u00e9l\u00e9brez cette magnifique saison 2022 pour l&#8217;\u00e9quipe NFFC en affichant chez vous l&#8217;affiche officielle du club ! Pour soutenir l&#8217;\u00e9quipe amateur et leur permettre de r\u00e9nover la pelouse du stade optez pour l&#8217;achat du poster NFFC ! \u2022 \u00c9paisseur du papier\u00a0: 10,3 mil \u2022 Poids du papier\u00a0: 189\u00a0g\/m\u00b2 \u2022 Opacit\u00e9\u00a0: 94\u00a0% \u2022 Les affiches 21 [&hellip;]<\/p>\n","protected":false},"featured_media":598,"comment_status":"open","ping_status":"closed","template":"","meta":{"_uag_custom_page_level_css":"","site-sidebar-layout":"default","site-content-layout":"","ast-site-content-layout":"","site-content-style":"default","site-sidebar-style":"default","ast-global-header-display":"","ast-banner-title-visibility":"","ast-main-header-display":"","ast-hfb-above-header-display":"","ast-hfb-below-header-display":"","ast-hfb-mobile-header-display":"","site-post-title":"","ast-breadcrumbs-content":"","ast-featured-img":"","footer-sml-layout":"","theme-transparent-header-meta":"","adv-header-id-meta":"","stick-header-meta":"","header-above-stick-meta":"","header-main-stick-meta":"","header-below-stick-meta":"","astra-migrate-meta-layouts":"default","ast-page-background-enabled":"default","ast-page-background-meta":{"desktop":{"background-color":"var(--ast-global-color-4)","background-image":"","background-repeat":"repeat","background-position":"center center","background-size":"auto","background-attachment":"scroll","background-type":"","background-media":"","overlay-type":"","overlay-color":"","overlay-opacity":"","overlay-gradient":""},"tablet":{"background-color":"","background-image":"","background-repeat":"repeat","background-position":"center center","background-size":"auto","background-attachment":"scroll","background-type":"","background-media":"","overlay-type":"","overlay-color":"","overlay-opacity":"","overlay-gradient":""},"mobile":{"background-color":"","background-image":"","background-repeat":"repeat","background-position":"center center","background-size":"auto","background-attachment":"scroll","background-type":"","background-media":"","overlay-type":"","overlay-color":"","overlay-opacity":"","overlay-gradient":""}},"ast-content-background-meta":{"desktop":{"background-color":"var(--ast-global-color-5)","background-image":"","background-repeat":"repeat","background-position":"center center","background-size":"auto","background-attachment":"scroll","background-type":"","background-media":"","overlay-type":"","overlay-color":"","overlay-opacity":"","overlay-gradient":""},"tablet":{"background-color":"var(--ast-global-color-5)","background-image":"","background-repeat":"repeat","background-position":"center center","background-size":"auto","background-attachment":"scroll","background-type":"","background-media":"","overlay-type":"","overlay-color":"","overlay-opacity":"","overlay-gradient":""},"mobile":{"background-color":"var(--ast-global-color-5)","background-image":"","background-repeat":"repeat","background-position":"center center","background-size":"auto","background-attachment":"scroll","background-type":"","background-media":"","overlay-type":"","overlay-color":"","overlay-opacity":"","overlay-gradient":""}}},"product_brand":[],"product_cat":[71],"product_tag":[],"class_list":{"0":"post-597","1":"product","2":"type-product","3":"status-publish","4":"has-post-thumbnail","6":"product_cat-affiche","7":"desktop-align-left","8":"tablet-align-left","9":"mobile-align-left","11":"first","12":"instock","13":"shipping-taxable","14":"purchasable","15":"product-type-simple"},"uagb_featured_image_src":{"full":["https:\/\/paris-noe.me\/nowaient\/wp-content\/uploads\/2022\/12\/enhanced-matte-paper-poster-cm-30x40-cm-front-63aad628a5882.jpg",1000,1000,false],"thumbnail":["https:\/\/paris-noe.me\/nowaient\/wp-content\/uploads\/2022\/12\/enhanced-matte-paper-poster-cm-30x40-cm-front-63aad628a5882-150x150.jpg",150,150,true],"medium":["https:\/\/paris-noe.me\/nowaient\/wp-content\/uploads\/2022\/12\/enhanced-matte-paper-poster-cm-30x40-cm-front-63aad628a5882-300x300.jpg",300,300,true],"medium_large":["https:\/\/paris-noe.me\/nowaient\/wp-content\/uploads\/2022\/12\/enhanced-matte-paper-poster-cm-30x40-cm-front-63aad628a5882-768x768.jpg",768,768,true],"large":["https:\/\/paris-noe.me\/nowaient\/wp-content\/uploads\/2022\/12\/enhanced-matte-paper-poster-cm-30x40-cm-front-63aad628a5882.jpg",1000,1000,false],"1536x1536":["https:\/\/paris-noe.me\/nowaient\/wp-content\/uploads\/2022\/12\/enhanced-matte-paper-poster-cm-30x40-cm-front-63aad628a5882.jpg",1000,1000,false],"2048x2048":["https:\/\/paris-noe.me\/nowaient\/wp-content\/uploads\/2022\/12\/enhanced-matte-paper-poster-cm-30x40-cm-front-63aad628a5882.jpg",1000,1000,false],"mailpoet_newsletter_max":["https:\/\/paris-noe.me\/nowaient\/wp-content\/uploads\/2022\/12\/enhanced-matte-paper-poster-cm-30x40-cm-front-63aad628a5882.jpg",1000,1000,false],"woocommerce_thumbnail":["https:\/\/paris-noe.me\/nowaient\/wp-content\/uploads\/2022\/12\/enhanced-matte-paper-poster-cm-30x40-cm-front-63aad628a5882-300x300.jpg",300,300,true],"woocommerce_single":["https:\/\/paris-noe.me\/nowaient\/wp-content\/uploads\/2022\/12\/enhanced-matte-paper-poster-cm-30x40-cm-front-63aad628a5882-600x600.jpg",600,600,true],"woocommerce_gallery_thumbnail":["https:\/\/paris-noe.me\/nowaient\/wp-content\/uploads\/2022\/12\/enhanced-matte-paper-poster-cm-30x40-cm-front-63aad628a5882-100x100.jpg",100,100,true]},"uagb_author_info":{"display_name":"Nowaient","author_link":"https:\/\/paris-noe.me\/nowaient\/author\/"},"uagb_comment_info":0,"uagb_excerpt":"C\u00e9l\u00e9brez cette magnifique saison 2022 pour l&#8217;\u00e9quipe NFFC en affichant chez vous l&#8217;affiche officielle du club ! Pour soutenir l&#8217;\u00e9quipe amateur et leur permettre de r\u00e9nover la pelouse du stade optez pour l&#8217;achat du poster NFFC ! \u2022 \u00c9paisseur du papier\u00a0: 10,3 mil \u2022 Poids du papier\u00a0: 189\u00a0g\/m\u00b2 \u2022 Opacit\u00e9\u00a0: 94\u00a0% \u2022 Les affiches 21\u2026","_links":{"self":[{"href":"https:\/\/paris-noe.me\/nowaient\/wp-json\/wp\/v2\/product\/597","targetHints":{"allow":["GET"]}}],"collection":[{"href":"https:\/\/paris-noe.me\/nowaient\/wp-json\/wp\/v2\/product"}],"about":[{"href":"https:\/\/paris-noe.me\/nowaient\/wp-json\/wp\/v2\/types\/product"}],"replies":[{"embeddable":true,"href":"https:\/\/paris-noe.me\/nowaient\/wp-json\/wp\/v2\/comments?post=597"}],"wp:featuredmedia":[{"embeddable":true,"href":"https:\/\/paris-noe.me\/nowaient\/wp-json\/wp\/v2\/media\/598"}],"wp:attachment":[{"href":"https:\/\/paris-noe.me\/nowaient\/wp-json\/wp\/v2\/media?parent=597"}],"wp:term":[{"taxonomy":"product_brand","embeddable":true,"href":"https:\/\/paris-noe.me\/nowaient\/wp-json\/wp\/v2\/product_brand?post=597"},{"taxonomy":"product_cat","embeddable":true,"href":"https:\/\/paris-noe.me\/nowaient\/wp-json\/wp\/v2\/product_cat?post=597"},{"taxonomy":"product_tag","embeddable":true,"href":"https:\/\/paris-noe.me\/nowaient\/wp-json\/wp\/v2\/product_tag?post=597"}],"curies":[{"name":"wp","href":"https:\/\/api.w.org\/{rel}","templated":true}]}}