{"id":582,"date":"2022-12-27T12:21:14","date_gmt":"2022-12-27T11:21:14","guid":{"rendered":"https:\/\/paris-noe.me\/nowaient\/produit\/nffc-hoodie\/"},"modified":"2024-05-26T17:42:14","modified_gmt":"2024-05-26T15:42:14","slug":"nffc-hoodie","status":"publish","type":"product","link":"https:\/\/paris-noe.me\/nowaient\/produit\/nffc-hoodie\/","title":{"rendered":"NFFC &#8211; Hoodie"},"content":{"rendered":"<p>NFFC c&#8217;est le club de ligue 2 qui suscite tout les espoirs. Plac\u00e9 favori par les m\u00e9dias, c&#8217;est sans aucun doute le futur challenger de la ligue 1. C&#8217;est ce qui se disait en 1987, avant que Platini, qui devait int\u00e9grer l&#8217;\u00e9quipe, annon\u00e7a sa retraite. Depuis NFFC joue en ligue Marmotte, la ligue des moins de 14ans.<\/p>\n<p>Pour soutenir l&#8217;\u00e9quipe amateur et leur permettre de r\u00e9nover les vestiaires optez pour l&#8217;achat du hoodie NFFC !<\/p>\n<p>\u2022 50 % coton pr\u00e9-r\u00e9tr\u00e9ci \/ 50 % polyester<br \/>\n\u2022 Poids du tissu : 271,25 g\/m\u00b2 (8.0 oz\/yd\u00b2)<br \/>\n\u2022 Boulochage r\u00e9duit et fil\u00e9 \u00e0 jet d\u2019air pour un toucher doux<br \/>\n\u2022 Capuche doubl\u00e9e avec cordon de serrage assorti<br \/>\n\u2022 Tourn\u00e9 au quart de tour pour \u00e9viter les plis au milieu<br \/>\n\u2022 Poignets et ceinture en tricot c\u00f4tel\u00e9 athl\u00e9tique 1\u00d71, avec \u00e9lasthanne<br \/>\n\u2022 Poche avant<br \/>\n\u2022 Col, \u00e9paules, emmanchures, poignets et ourlet cousus \u00e0 double aiguille<\/p>\n","protected":false},"excerpt":{"rendered":"<p>NFFC c&#8217;est le club de ligue 2 qui suscite tout les espoirs. Plac\u00e9 favori par les m\u00e9dias, c&#8217;est sans aucun doute le futur challenger de la ligue 1. C&#8217;est ce qui se disait en 1987, avant que Platini, qui devait int\u00e9grer l&#8217;\u00e9quipe, annon\u00e7a sa retraite. Depuis NFFC joue en ligue Marmotte, la ligue des moins [&hellip;]<\/p>\n","protected":false},"featured_media":596,"comment_status":"open","ping_status":"closed","template":"","meta":{"_uag_custom_page_level_css":"","site-sidebar-layout":"default","site-content-layout":"","ast-site-content-layout":"default","site-content-style":"default","site-sidebar-style":"default","ast-global-header-display":"","ast-banner-title-visibility":"","ast-main-header-display":"","ast-hfb-above-header-display":"","ast-hfb-below-header-display":"","ast-hfb-mobile-header-display":"","site-post-title":"","ast-breadcrumbs-content":"","ast-featured-img":"","footer-sml-layout":"","theme-transparent-header-meta":"default","adv-header-id-meta":"","stick-header-meta":"","header-above-stick-meta":"","header-main-stick-meta":"","header-below-stick-meta":"","astra-migrate-meta-layouts":"set","ast-page-background-enabled":"default","ast-page-background-meta":{"desktop":{"background-color":"var(--ast-global-color-4)","background-image":"","background-repeat":"repeat","background-position":"center center","background-size":"auto","background-attachment":"scroll","background-type":"","background-media":"","overlay-type":"","overlay-color":"","overlay-opacity":"","overlay-gradient":""},"tablet":{"background-color":"","background-image":"","background-repeat":"repeat","background-position":"center center","background-size":"auto","background-attachment":"scroll","background-type":"","background-media":"","overlay-type":"","overlay-color":"","overlay-opacity":"","overlay-gradient":""},"mobile":{"background-color":"","background-image":"","background-repeat":"repeat","background-position":"center center","background-size":"auto","background-attachment":"scroll","background-type":"","background-media":"","overlay-type":"","overlay-color":"","overlay-opacity":"","overlay-gradient":""}},"ast-content-background-meta":{"desktop":{"background-color":"var(--ast-global-color-5)","background-image":"","background-repeat":"repeat","background-position":"center center","background-size":"auto","background-attachment":"scroll","background-type":"","background-media":"","overlay-type":"","overlay-color":"","overlay-opacity":"","overlay-gradient":""},"tablet":{"background-color":"var(--ast-global-color-5)","background-image":"","background-repeat":"repeat","background-position":"center center","background-size":"auto","background-attachment":"scroll","background-type":"","background-media":"","overlay-type":"","overlay-color":"","overlay-opacity":"","overlay-gradient":""},"mobile":{"background-color":"var(--ast-global-color-5)","background-image":"","background-repeat":"repeat","background-position":"center center","background-size":"auto","background-attachment":"scroll","background-type":"","background-media":"","overlay-type":"","overlay-color":"","overlay-opacity":"","overlay-gradient":""}}},"product_brand":[],"product_cat":[67],"product_tag":[],"class_list":{"0":"post-582","1":"product","2":"type-product","3":"status-publish","4":"has-post-thumbnail","6":"product_cat-hoodie","7":"desktop-align-left","8":"tablet-align-left","9":"mobile-align-left","11":"first","12":"instock","13":"shipping-taxable","14":"purchasable","15":"product-type-variable"},"uagb_featured_image_src":{"full":["https:\/\/paris-noe.me\/nowaient\/wp-content\/uploads\/2022\/12\/unisex-heavy-blend-hoodie-sport-grey-back-63aad51b40d00.jpg",2000,2000,false],"thumbnail":["https:\/\/paris-noe.me\/nowaient\/wp-content\/uploads\/2022\/12\/unisex-heavy-blend-hoodie-sport-grey-back-63aad51b40d00-150x150.jpg",150,150,true],"medium":["https:\/\/paris-noe.me\/nowaient\/wp-content\/uploads\/2022\/12\/unisex-heavy-blend-hoodie-sport-grey-back-63aad51b40d00-300x300.jpg",300,300,true],"medium_large":["https:\/\/paris-noe.me\/nowaient\/wp-content\/uploads\/2022\/12\/unisex-heavy-blend-hoodie-sport-grey-back-63aad51b40d00-768x768.jpg",768,768,true],"large":["https:\/\/paris-noe.me\/nowaient\/wp-content\/uploads\/2022\/12\/unisex-heavy-blend-hoodie-sport-grey-back-63aad51b40d00-1024x1024.jpg",1024,1024,true],"1536x1536":["https:\/\/paris-noe.me\/nowaient\/wp-content\/uploads\/2022\/12\/unisex-heavy-blend-hoodie-sport-grey-back-63aad51b40d00-1536x1536.jpg",1536,1536,true],"2048x2048":["https:\/\/paris-noe.me\/nowaient\/wp-content\/uploads\/2022\/12\/unisex-heavy-blend-hoodie-sport-grey-back-63aad51b40d00.jpg",2000,2000,false],"mailpoet_newsletter_max":["https:\/\/paris-noe.me\/nowaient\/wp-content\/uploads\/2022\/12\/unisex-heavy-blend-hoodie-sport-grey-back-63aad51b40d00-1320x1320.jpg",1320,1320,true],"woocommerce_thumbnail":["https:\/\/paris-noe.me\/nowaient\/wp-content\/uploads\/2022\/12\/unisex-heavy-blend-hoodie-sport-grey-back-63aad51b40d00-300x300.jpg",300,300,true],"woocommerce_single":["https:\/\/paris-noe.me\/nowaient\/wp-content\/uploads\/2022\/12\/unisex-heavy-blend-hoodie-sport-grey-back-63aad51b40d00-600x600.jpg",600,600,true],"woocommerce_gallery_thumbnail":["https:\/\/paris-noe.me\/nowaient\/wp-content\/uploads\/2022\/12\/unisex-heavy-blend-hoodie-sport-grey-back-63aad51b40d00-100x100.jpg",100,100,true]},"uagb_author_info":{"display_name":"Nowaient","author_link":"https:\/\/paris-noe.me\/nowaient\/author\/"},"uagb_comment_info":0,"uagb_excerpt":"NFFC c&#8217;est le club de ligue 2 qui suscite tout les espoirs. Plac\u00e9 favori par les m\u00e9dias, c&#8217;est sans aucun doute le futur challenger de la ligue 1. C&#8217;est ce qui se disait en 1987, avant que Platini, qui devait int\u00e9grer l&#8217;\u00e9quipe, annon\u00e7a sa retraite. Depuis NFFC joue en ligue Marmotte, la ligue des moins\u2026","_links":{"self":[{"href":"https:\/\/paris-noe.me\/nowaient\/wp-json\/wp\/v2\/product\/582","targetHints":{"allow":["GET"]}}],"collection":[{"href":"https:\/\/paris-noe.me\/nowaient\/wp-json\/wp\/v2\/product"}],"about":[{"href":"https:\/\/paris-noe.me\/nowaient\/wp-json\/wp\/v2\/types\/product"}],"replies":[{"embeddable":true,"href":"https:\/\/paris-noe.me\/nowaient\/wp-json\/wp\/v2\/comments?post=582"}],"wp:featuredmedia":[{"embeddable":true,"href":"https:\/\/paris-noe.me\/nowaient\/wp-json\/wp\/v2\/media\/596"}],"wp:attachment":[{"href":"https:\/\/paris-noe.me\/nowaient\/wp-json\/wp\/v2\/media?parent=582"}],"wp:term":[{"taxonomy":"product_brand","embeddable":true,"href":"https:\/\/paris-noe.me\/nowaient\/wp-json\/wp\/v2\/product_brand?post=582"},{"taxonomy":"product_cat","embeddable":true,"href":"https:\/\/paris-noe.me\/nowaient\/wp-json\/wp\/v2\/product_cat?post=582"},{"taxonomy":"product_tag","embeddable":true,"href":"https:\/\/paris-noe.me\/nowaient\/wp-json\/wp\/v2\/product_tag?post=582"}],"curies":[{"name":"wp","href":"https:\/\/api.w.org\/{rel}","templated":true}]}}