{"id":369,"date":"2022-06-13T22:28:59","date_gmt":"2022-06-13T20:28:59","guid":{"rendered":"https:\/\/paris-noe.me\/nowaient\/produit\/swimming-guy-maillot-2\/"},"modified":"2024-01-06T13:28:02","modified_gmt":"2024-01-06T12:28:02","slug":"swimming-guy-maillot-2","status":"publish","type":"product","link":"https:\/\/paris-noe.me\/nowaient\/produit\/swimming-guy-maillot-2\/","title":{"rendered":"SWIMMING GUY \u2013 Maillot"},"content":{"rendered":"<p>Maillot de bain \u2013 Swimming guy colorfull \u2013 imprim\u00e9 blanc<\/p>\n<p>\u2022 82\u00a0% polyester, 18\u00a0% \u00e9lasthanne<br \/>\n\u2022 Poids du tissu : 230 g\/m\u00b2 (6.78 oz\/yd\u00b2), le poids peut varier de 5 %<br \/>\n\u2022 Tissu r\u00e9sistant au chlore<br \/>\n\u2022 Coupe br\u00e9silienne avec encolure \u00e9chancr\u00e9e et dos nu<br \/>\n\u2022 Coutures en zig-zag<br \/>\n\u2022 Double couche avant<br \/>\n\u2022 Mat\u00e9riau extensible<\/p>\n","protected":false},"excerpt":{"rendered":"<p>Maillot de bain \u2013 Swimming guy colorfull \u2013 imprim\u00e9 blanc \u2022 82\u00a0% polyester, 18\u00a0% \u00e9lasthanne \u2022 Poids du tissu : 230 g\/m\u00b2 (6.78 oz\/yd\u00b2), le poids peut varier de 5 % \u2022 Tissu r\u00e9sistant au chlore \u2022 Coupe br\u00e9silienne avec encolure \u00e9chancr\u00e9e et dos nu \u2022 Coutures en zig-zag \u2022 Double couche avant \u2022 Mat\u00e9riau [&hellip;]<\/p>\n","protected":false},"featured_media":379,"comment_status":"open","ping_status":"closed","template":"","meta":{"_uag_custom_page_level_css":"","site-sidebar-layout":"default","site-content-layout":"","ast-site-content-layout":"","site-content-style":"default","site-sidebar-style":"default","ast-global-header-display":"","ast-banner-title-visibility":"","ast-main-header-display":"","ast-hfb-above-header-display":"","ast-hfb-below-header-display":"","ast-hfb-mobile-header-display":"","site-post-title":"","ast-breadcrumbs-content":"","ast-featured-img":"","footer-sml-layout":"","theme-transparent-header-meta":"","adv-header-id-meta":"","stick-header-meta":"","header-above-stick-meta":"","header-main-stick-meta":"","header-below-stick-meta":"","astra-migrate-meta-layouts":"default","ast-page-background-enabled":"default","ast-page-background-meta":{"desktop":{"background-color":"var(--ast-global-color-4)","background-image":"","background-repeat":"repeat","background-position":"center center","background-size":"auto","background-attachment":"scroll","background-type":"","background-media":"","overlay-type":"","overlay-color":"","overlay-opacity":"","overlay-gradient":""},"tablet":{"background-color":"","background-image":"","background-repeat":"repeat","background-position":"center center","background-size":"auto","background-attachment":"scroll","background-type":"","background-media":"","overlay-type":"","overlay-color":"","overlay-opacity":"","overlay-gradient":""},"mobile":{"background-color":"","background-image":"","background-repeat":"repeat","background-position":"center center","background-size":"auto","background-attachment":"scroll","background-type":"","background-media":"","overlay-type":"","overlay-color":"","overlay-opacity":"","overlay-gradient":""}},"ast-content-background-meta":{"desktop":{"background-color":"var(--ast-global-color-5)","background-image":"","background-repeat":"repeat","background-position":"center center","background-size":"auto","background-attachment":"scroll","background-type":"","background-media":"","overlay-type":"","overlay-color":"","overlay-opacity":"","overlay-gradient":""},"tablet":{"background-color":"var(--ast-global-color-5)","background-image":"","background-repeat":"repeat","background-position":"center center","background-size":"auto","background-attachment":"scroll","background-type":"","background-media":"","overlay-type":"","overlay-color":"","overlay-opacity":"","overlay-gradient":""},"mobile":{"background-color":"var(--ast-global-color-5)","background-image":"","background-repeat":"repeat","background-position":"center center","background-size":"auto","background-attachment":"scroll","background-type":"","background-media":"","overlay-type":"","overlay-color":"","overlay-opacity":"","overlay-gradient":""}}},"product_brand":[],"product_cat":[75],"product_tag":[],"class_list":{"0":"post-369","1":"product","2":"type-product","3":"status-publish","4":"has-post-thumbnail","6":"product_cat-maillot","7":"desktop-align-left","8":"tablet-align-left","9":"mobile-align-left","11":"first","12":"instock","13":"shipping-taxable","14":"purchasable","15":"product-type-variable"},"uagb_featured_image_src":{"full":["https:\/\/paris-noe.me\/nowaient\/wp-content\/uploads\/2022\/06\/all-over-print-one-piece-swimsuit-white-front-62a79e04c962c.jpg",2000,2000,false],"thumbnail":["https:\/\/paris-noe.me\/nowaient\/wp-content\/uploads\/2022\/06\/all-over-print-one-piece-swimsuit-white-front-62a79e04c962c-150x150.jpg",150,150,true],"medium":["https:\/\/paris-noe.me\/nowaient\/wp-content\/uploads\/2022\/06\/all-over-print-one-piece-swimsuit-white-front-62a79e04c962c-300x300.jpg",300,300,true],"medium_large":["https:\/\/paris-noe.me\/nowaient\/wp-content\/uploads\/2022\/06\/all-over-print-one-piece-swimsuit-white-front-62a79e04c962c-768x768.jpg",768,768,true],"large":["https:\/\/paris-noe.me\/nowaient\/wp-content\/uploads\/2022\/06\/all-over-print-one-piece-swimsuit-white-front-62a79e04c962c-1024x1024.jpg",1024,1024,true],"1536x1536":["https:\/\/paris-noe.me\/nowaient\/wp-content\/uploads\/2022\/06\/all-over-print-one-piece-swimsuit-white-front-62a79e04c962c-1536x1536.jpg",1536,1536,true],"2048x2048":["https:\/\/paris-noe.me\/nowaient\/wp-content\/uploads\/2022\/06\/all-over-print-one-piece-swimsuit-white-front-62a79e04c962c.jpg",2000,2000,false],"mailpoet_newsletter_max":["https:\/\/paris-noe.me\/nowaient\/wp-content\/uploads\/2022\/06\/all-over-print-one-piece-swimsuit-white-front-62a79e04c962c-1320x1320.jpg",1320,1320,true],"woocommerce_thumbnail":["https:\/\/paris-noe.me\/nowaient\/wp-content\/uploads\/2022\/06\/all-over-print-one-piece-swimsuit-white-front-62a79e04c962c-300x300.jpg",300,300,true],"woocommerce_single":["https:\/\/paris-noe.me\/nowaient\/wp-content\/uploads\/2022\/06\/all-over-print-one-piece-swimsuit-white-front-62a79e04c962c-600x600.jpg",600,600,true],"woocommerce_gallery_thumbnail":["https:\/\/paris-noe.me\/nowaient\/wp-content\/uploads\/2022\/06\/all-over-print-one-piece-swimsuit-white-front-62a79e04c962c-100x100.jpg",100,100,true]},"uagb_author_info":{"display_name":"Nowaient","author_link":"https:\/\/paris-noe.me\/nowaient\/author\/"},"uagb_comment_info":0,"uagb_excerpt":"Maillot de bain \u2013 Swimming guy colorfull \u2013 imprim\u00e9 blanc \u2022 82\u00a0% polyester, 18\u00a0% \u00e9lasthanne \u2022 Poids du tissu : 230 g\/m\u00b2 (6.78 oz\/yd\u00b2), le poids peut varier de 5 % \u2022 Tissu r\u00e9sistant au chlore \u2022 Coupe br\u00e9silienne avec encolure \u00e9chancr\u00e9e et dos nu \u2022 Coutures en zig-zag \u2022 Double couche avant \u2022 Mat\u00e9riau\u2026","_links":{"self":[{"href":"https:\/\/paris-noe.me\/nowaient\/wp-json\/wp\/v2\/product\/369","targetHints":{"allow":["GET"]}}],"collection":[{"href":"https:\/\/paris-noe.me\/nowaient\/wp-json\/wp\/v2\/product"}],"about":[{"href":"https:\/\/paris-noe.me\/nowaient\/wp-json\/wp\/v2\/types\/product"}],"replies":[{"embeddable":true,"href":"https:\/\/paris-noe.me\/nowaient\/wp-json\/wp\/v2\/comments?post=369"}],"wp:featuredmedia":[{"embeddable":true,"href":"https:\/\/paris-noe.me\/nowaient\/wp-json\/wp\/v2\/media\/379"}],"wp:attachment":[{"href":"https:\/\/paris-noe.me\/nowaient\/wp-json\/wp\/v2\/media?parent=369"}],"wp:term":[{"taxonomy":"product_brand","embeddable":true,"href":"https:\/\/paris-noe.me\/nowaient\/wp-json\/wp\/v2\/product_brand?post=369"},{"taxonomy":"product_cat","embeddable":true,"href":"https:\/\/paris-noe.me\/nowaient\/wp-json\/wp\/v2\/product_cat?post=369"},{"taxonomy":"product_tag","embeddable":true,"href":"https:\/\/paris-noe.me\/nowaient\/wp-json\/wp\/v2\/product_tag?post=369"}],"curies":[{"name":"wp","href":"https:\/\/api.w.org\/{rel}","templated":true}]}}