{"id":238,"date":"2022-06-09T21:01:21","date_gmt":"2022-06-09T19:01:21","guid":{"rendered":"https:\/\/paris-noe.me\/nowaient\/produit\/summer-boy-banane\/"},"modified":"2024-01-08T15:19:23","modified_gmt":"2024-01-08T14:19:23","slug":"summer-boy-banane","status":"publish","type":"product","link":"https:\/\/paris-noe.me\/nowaient\/produit\/summer-boy-banane\/","title":{"rendered":"SUMMER BOY &#8211; Banane"},"content":{"rendered":"<p>Summer Boy banane noir, imprim\u00e9 blanc<\/p>\n<p>\u2022 100\u00a0% polyester<br \/>\n\u2022 Poids du tissu\u00a0: 325 g\/m\u00b2 (9.56 oz\/yd\u00b2), le poids peut varier de 5 %<br \/>\n\u2022 Dimensions\u00a0: hauteur: 16\u00a0cm (6.5&#8243;), longueur: 33\u00a0cm (13&#8243;), profondeur: 7\u00a0cm (2\u00be&#8221;)<br \/>\n\u2022 Mat\u00e9riau r\u00e9sistant \u00e0 l\u2019eau<br \/>\n\u2022 Fermeture \u00e9clair sup\u00e9rieure \u00e0 2 curseurs<br \/>\n\u2022 Petite poche int\u00e9rieure personnalisable<br \/>\n\u2022 Doublure soyeuse, ourlets int\u00e9rieurs passepoil\u00e9s<br \/>\n\u2022 Sangles r\u00e9glables de 1\u00bc&#8221; de large avec r\u00e9gulateurs en plastique<\/p>\n","protected":false},"excerpt":{"rendered":"<p>Summer Boy banane noir, imprim\u00e9 blanc \u2022 100\u00a0% polyester \u2022 Poids du tissu\u00a0: 325 g\/m\u00b2 (9.56 oz\/yd\u00b2), le poids peut varier de 5 % \u2022 Dimensions\u00a0: hauteur: 16\u00a0cm (6.5&#8243;), longueur: 33\u00a0cm (13&#8243;), profondeur: 7\u00a0cm (2\u00be&#8221;) \u2022 Mat\u00e9riau r\u00e9sistant \u00e0 l\u2019eau \u2022 Fermeture \u00e9clair sup\u00e9rieure \u00e0 2 curseurs \u2022 Petite poche int\u00e9rieure personnalisable \u2022 Doublure soyeuse, [&hellip;]<\/p>\n","protected":false},"featured_media":242,"comment_status":"open","ping_status":"closed","template":"","meta":{"_uag_custom_page_level_css":"","site-sidebar-layout":"default","site-content-layout":"","ast-site-content-layout":"","site-content-style":"default","site-sidebar-style":"default","ast-global-header-display":"","ast-banner-title-visibility":"","ast-main-header-display":"","ast-hfb-above-header-display":"","ast-hfb-below-header-display":"","ast-hfb-mobile-header-display":"","site-post-title":"","ast-breadcrumbs-content":"","ast-featured-img":"","footer-sml-layout":"","theme-transparent-header-meta":"","adv-header-id-meta":"","stick-header-meta":"","header-above-stick-meta":"","header-main-stick-meta":"","header-below-stick-meta":"","astra-migrate-meta-layouts":"default","ast-page-background-enabled":"default","ast-page-background-meta":{"desktop":{"background-color":"var(--ast-global-color-4)","background-image":"","background-repeat":"repeat","background-position":"center center","background-size":"auto","background-attachment":"scroll","background-type":"","background-media":"","overlay-type":"","overlay-color":"","overlay-opacity":"","overlay-gradient":""},"tablet":{"background-color":"","background-image":"","background-repeat":"repeat","background-position":"center center","background-size":"auto","background-attachment":"scroll","background-type":"","background-media":"","overlay-type":"","overlay-color":"","overlay-opacity":"","overlay-gradient":""},"mobile":{"background-color":"","background-image":"","background-repeat":"repeat","background-position":"center center","background-size":"auto","background-attachment":"scroll","background-type":"","background-media":"","overlay-type":"","overlay-color":"","overlay-opacity":"","overlay-gradient":""}},"ast-content-background-meta":{"desktop":{"background-color":"var(--ast-global-color-5)","background-image":"","background-repeat":"repeat","background-position":"center center","background-size":"auto","background-attachment":"scroll","background-type":"","background-media":"","overlay-type":"","overlay-color":"","overlay-opacity":"","overlay-gradient":""},"tablet":{"background-color":"var(--ast-global-color-5)","background-image":"","background-repeat":"repeat","background-position":"center center","background-size":"auto","background-attachment":"scroll","background-type":"","background-media":"","overlay-type":"","overlay-color":"","overlay-opacity":"","overlay-gradient":""},"mobile":{"background-color":"var(--ast-global-color-5)","background-image":"","background-repeat":"repeat","background-position":"center center","background-size":"auto","background-attachment":"scroll","background-type":"","background-media":"","overlay-type":"","overlay-color":"","overlay-opacity":"","overlay-gradient":""}}},"product_brand":[],"product_cat":[70],"product_tag":[],"class_list":{"0":"post-238","1":"product","2":"type-product","3":"status-publish","4":"has-post-thumbnail","6":"product_cat-banane","7":"desktop-align-left","8":"tablet-align-left","9":"mobile-align-left","11":"first","12":"instock","13":"shipping-taxable","14":"purchasable","15":"product-type-variable"},"uagb_featured_image_src":{"full":["https:\/\/paris-noe.me\/nowaient\/wp-content\/uploads\/2022\/06\/all-over-print-fanny-pack-white-front-62a243722600e.jpg",2000,2000,false],"thumbnail":["https:\/\/paris-noe.me\/nowaient\/wp-content\/uploads\/2022\/06\/all-over-print-fanny-pack-white-front-62a243722600e-150x150.jpg",150,150,true],"medium":["https:\/\/paris-noe.me\/nowaient\/wp-content\/uploads\/2022\/06\/all-over-print-fanny-pack-white-front-62a243722600e-300x300.jpg",300,300,true],"medium_large":["https:\/\/paris-noe.me\/nowaient\/wp-content\/uploads\/2022\/06\/all-over-print-fanny-pack-white-front-62a243722600e-768x768.jpg",768,768,true],"large":["https:\/\/paris-noe.me\/nowaient\/wp-content\/uploads\/2022\/06\/all-over-print-fanny-pack-white-front-62a243722600e-1024x1024.jpg",1024,1024,true],"1536x1536":["https:\/\/paris-noe.me\/nowaient\/wp-content\/uploads\/2022\/06\/all-over-print-fanny-pack-white-front-62a243722600e-1536x1536.jpg",1536,1536,true],"2048x2048":["https:\/\/paris-noe.me\/nowaient\/wp-content\/uploads\/2022\/06\/all-over-print-fanny-pack-white-front-62a243722600e.jpg",2000,2000,false],"mailpoet_newsletter_max":["https:\/\/paris-noe.me\/nowaient\/wp-content\/uploads\/2022\/06\/all-over-print-fanny-pack-white-front-62a243722600e-1320x1320.jpg",1320,1320,true],"woocommerce_thumbnail":["https:\/\/paris-noe.me\/nowaient\/wp-content\/uploads\/2022\/06\/all-over-print-fanny-pack-white-front-62a243722600e-300x300.jpg",300,300,true],"woocommerce_single":["https:\/\/paris-noe.me\/nowaient\/wp-content\/uploads\/2022\/06\/all-over-print-fanny-pack-white-front-62a243722600e-600x600.jpg",600,600,true],"woocommerce_gallery_thumbnail":["https:\/\/paris-noe.me\/nowaient\/wp-content\/uploads\/2022\/06\/all-over-print-fanny-pack-white-front-62a243722600e-100x100.jpg",100,100,true]},"uagb_author_info":{"display_name":"Nowaient","author_link":"https:\/\/paris-noe.me\/nowaient\/author\/"},"uagb_comment_info":0,"uagb_excerpt":"Summer Boy banane noir, imprim\u00e9 blanc \u2022 100\u00a0% polyester \u2022 Poids du tissu\u00a0: 325 g\/m\u00b2 (9.56 oz\/yd\u00b2), le poids peut varier de 5 % \u2022 Dimensions\u00a0: hauteur: 16\u00a0cm (6.5&#8243;), longueur: 33\u00a0cm (13&#8243;), profondeur: 7\u00a0cm (2\u00be&#8221;) \u2022 Mat\u00e9riau r\u00e9sistant \u00e0 l\u2019eau \u2022 Fermeture \u00e9clair sup\u00e9rieure \u00e0 2 curseurs \u2022 Petite poche int\u00e9rieure personnalisable \u2022 Doublure soyeuse,\u2026","_links":{"self":[{"href":"https:\/\/paris-noe.me\/nowaient\/wp-json\/wp\/v2\/product\/238","targetHints":{"allow":["GET"]}}],"collection":[{"href":"https:\/\/paris-noe.me\/nowaient\/wp-json\/wp\/v2\/product"}],"about":[{"href":"https:\/\/paris-noe.me\/nowaient\/wp-json\/wp\/v2\/types\/product"}],"replies":[{"embeddable":true,"href":"https:\/\/paris-noe.me\/nowaient\/wp-json\/wp\/v2\/comments?post=238"}],"wp:featuredmedia":[{"embeddable":true,"href":"https:\/\/paris-noe.me\/nowaient\/wp-json\/wp\/v2\/media\/242"}],"wp:attachment":[{"href":"https:\/\/paris-noe.me\/nowaient\/wp-json\/wp\/v2\/media?parent=238"}],"wp:term":[{"taxonomy":"product_brand","embeddable":true,"href":"https:\/\/paris-noe.me\/nowaient\/wp-json\/wp\/v2\/product_brand?post=238"},{"taxonomy":"product_cat","embeddable":true,"href":"https:\/\/paris-noe.me\/nowaient\/wp-json\/wp\/v2\/product_cat?post=238"},{"taxonomy":"product_tag","embeddable":true,"href":"https:\/\/paris-noe.me\/nowaient\/wp-json\/wp\/v2\/product_tag?post=238"}],"curies":[{"name":"wp","href":"https:\/\/api.w.org\/{rel}","templated":true}]}}