{"id":109,"date":"2022-06-08T20:17:53","date_gmt":"2022-06-08T18:17:53","guid":{"rendered":"https:\/\/paris-noe.me\/nowaient\/produit\/hoodie-boxed-man\/"},"modified":"2024-01-08T15:24:25","modified_gmt":"2024-01-08T14:24:25","slug":"hoodie-boxed-man","status":"publish","type":"product","link":"https:\/\/paris-noe.me\/nowaient\/produit\/hoodie-boxed-man\/","title":{"rendered":"BOXED MAN &#8211; Sweatshirt"},"content":{"rendered":"<p>Boxed Man Originals &#8211; Hoodie Noir impression blanche. Int\u00e9rieur doux.<\/p>\n<p>\u2022 50 % coton pr\u00e9-r\u00e9tr\u00e9ci \/ 50 % polyester<br \/>\n\u2022 Poids du tissu : 271,25 g\/m\u00b2 (8.0 oz\/yd\u00b2)<br \/>\n\u2022 Boulochage r\u00e9duit et fil\u00e9 \u00e0 jet d\u2019air pour un toucher doux<br \/>\n\u2022 Capuche doubl\u00e9e avec cordon de serrage assorti<br \/>\n\u2022 Tourn\u00e9 au quart de tour pour \u00e9viter les plis au milieu<br \/>\n\u2022 Poignets et ceinture en tricot c\u00f4tel\u00e9 athl\u00e9tique 1\u00d71, avec \u00e9lasthanne<br \/>\n\u2022 Poche avant<br \/>\n\u2022 Col, \u00e9paules, emmanchures, poignets et ourlet cousus \u00e0 double aiguille<\/p>\n","protected":false},"excerpt":{"rendered":"<p>Boxed Man Originals &#8211; Hoodie Noir impression blanche. Int\u00e9rieur doux. \u2022 50 % coton pr\u00e9-r\u00e9tr\u00e9ci \/ 50 % polyester \u2022 Poids du tissu : 271,25 g\/m\u00b2 (8.0 oz\/yd\u00b2) \u2022 Boulochage r\u00e9duit et fil\u00e9 \u00e0 jet d\u2019air pour un toucher doux \u2022 Capuche doubl\u00e9e avec cordon de serrage assorti \u2022 Tourn\u00e9 au quart de tour pour [&hellip;]<\/p>\n","protected":false},"featured_media":120,"comment_status":"open","ping_status":"closed","template":"","meta":{"_uag_custom_page_level_css":"","site-sidebar-layout":"default","site-content-layout":"","ast-site-content-layout":"","site-content-style":"default","site-sidebar-style":"default","ast-global-header-display":"","ast-banner-title-visibility":"","ast-main-header-display":"","ast-hfb-above-header-display":"","ast-hfb-below-header-display":"","ast-hfb-mobile-header-display":"","site-post-title":"","ast-breadcrumbs-content":"","ast-featured-img":"","footer-sml-layout":"","theme-transparent-header-meta":"","adv-header-id-meta":"","stick-header-meta":"","header-above-stick-meta":"","header-main-stick-meta":"","header-below-stick-meta":"","astra-migrate-meta-layouts":"default","ast-page-background-enabled":"default","ast-page-background-meta":{"desktop":{"background-color":"var(--ast-global-color-4)","background-image":"","background-repeat":"repeat","background-position":"center center","background-size":"auto","background-attachment":"scroll","background-type":"","background-media":"","overlay-type":"","overlay-color":"","overlay-opacity":"","overlay-gradient":""},"tablet":{"background-color":"","background-image":"","background-repeat":"repeat","background-position":"center center","background-size":"auto","background-attachment":"scroll","background-type":"","background-media":"","overlay-type":"","overlay-color":"","overlay-opacity":"","overlay-gradient":""},"mobile":{"background-color":"","background-image":"","background-repeat":"repeat","background-position":"center center","background-size":"auto","background-attachment":"scroll","background-type":"","background-media":"","overlay-type":"","overlay-color":"","overlay-opacity":"","overlay-gradient":""}},"ast-content-background-meta":{"desktop":{"background-color":"var(--ast-global-color-5)","background-image":"","background-repeat":"repeat","background-position":"center center","background-size":"auto","background-attachment":"scroll","background-type":"","background-media":"","overlay-type":"","overlay-color":"","overlay-opacity":"","overlay-gradient":""},"tablet":{"background-color":"var(--ast-global-color-5)","background-image":"","background-repeat":"repeat","background-position":"center center","background-size":"auto","background-attachment":"scroll","background-type":"","background-media":"","overlay-type":"","overlay-color":"","overlay-opacity":"","overlay-gradient":""},"mobile":{"background-color":"var(--ast-global-color-5)","background-image":"","background-repeat":"repeat","background-position":"center center","background-size":"auto","background-attachment":"scroll","background-type":"","background-media":"","overlay-type":"","overlay-color":"","overlay-opacity":"","overlay-gradient":""}}},"product_brand":[],"product_cat":[68],"product_tag":[],"class_list":{"0":"post-109","1":"product","2":"type-product","3":"status-publish","4":"has-post-thumbnail","6":"product_cat-sweatshirt","7":"desktop-align-left","8":"tablet-align-left","9":"mobile-align-left","11":"first","12":"instock","13":"shipping-taxable","14":"purchasable","15":"product-type-variable"},"uagb_featured_image_src":{"full":["https:\/\/paris-noe.me\/nowaient\/wp-content\/uploads\/2022\/06\/unisex-heavy-blend-hoodie-black-back-62a0e7c9ad97b.jpg",2000,2000,false],"thumbnail":["https:\/\/paris-noe.me\/nowaient\/wp-content\/uploads\/2022\/06\/unisex-heavy-blend-hoodie-black-back-62a0e7c9ad97b-150x150.jpg",150,150,true],"medium":["https:\/\/paris-noe.me\/nowaient\/wp-content\/uploads\/2022\/06\/unisex-heavy-blend-hoodie-black-back-62a0e7c9ad97b-300x300.jpg",300,300,true],"medium_large":["https:\/\/paris-noe.me\/nowaient\/wp-content\/uploads\/2022\/06\/unisex-heavy-blend-hoodie-black-back-62a0e7c9ad97b-768x768.jpg",768,768,true],"large":["https:\/\/paris-noe.me\/nowaient\/wp-content\/uploads\/2022\/06\/unisex-heavy-blend-hoodie-black-back-62a0e7c9ad97b-1024x1024.jpg",1024,1024,true],"1536x1536":["https:\/\/paris-noe.me\/nowaient\/wp-content\/uploads\/2022\/06\/unisex-heavy-blend-hoodie-black-back-62a0e7c9ad97b-1536x1536.jpg",1536,1536,true],"2048x2048":["https:\/\/paris-noe.me\/nowaient\/wp-content\/uploads\/2022\/06\/unisex-heavy-blend-hoodie-black-back-62a0e7c9ad97b.jpg",2000,2000,false],"mailpoet_newsletter_max":["https:\/\/paris-noe.me\/nowaient\/wp-content\/uploads\/2022\/06\/unisex-heavy-blend-hoodie-black-back-62a0e7c9ad97b.jpg",1320,1320,false],"woocommerce_thumbnail":["https:\/\/paris-noe.me\/nowaient\/wp-content\/uploads\/2022\/06\/unisex-heavy-blend-hoodie-black-back-62a0e7c9ad97b-300x300.jpg",300,300,true],"woocommerce_single":["https:\/\/paris-noe.me\/nowaient\/wp-content\/uploads\/2022\/06\/unisex-heavy-blend-hoodie-black-back-62a0e7c9ad97b-600x600.jpg",600,600,true],"woocommerce_gallery_thumbnail":["https:\/\/paris-noe.me\/nowaient\/wp-content\/uploads\/2022\/06\/unisex-heavy-blend-hoodie-black-back-62a0e7c9ad97b-100x100.jpg",100,100,true]},"uagb_author_info":{"display_name":"Nowaient","author_link":"https:\/\/paris-noe.me\/nowaient\/author\/"},"uagb_comment_info":0,"uagb_excerpt":"Boxed Man Originals &#8211; Hoodie Noir impression blanche. Int\u00e9rieur doux. \u2022 50 % coton pr\u00e9-r\u00e9tr\u00e9ci \/ 50 % polyester \u2022 Poids du tissu : 271,25 g\/m\u00b2 (8.0 oz\/yd\u00b2) \u2022 Boulochage r\u00e9duit et fil\u00e9 \u00e0 jet d\u2019air pour un toucher doux \u2022 Capuche doubl\u00e9e avec cordon de serrage assorti \u2022 Tourn\u00e9 au quart de tour pour\u2026","_links":{"self":[{"href":"https:\/\/paris-noe.me\/nowaient\/wp-json\/wp\/v2\/product\/109","targetHints":{"allow":["GET"]}}],"collection":[{"href":"https:\/\/paris-noe.me\/nowaient\/wp-json\/wp\/v2\/product"}],"about":[{"href":"https:\/\/paris-noe.me\/nowaient\/wp-json\/wp\/v2\/types\/product"}],"replies":[{"embeddable":true,"href":"https:\/\/paris-noe.me\/nowaient\/wp-json\/wp\/v2\/comments?post=109"}],"wp:featuredmedia":[{"embeddable":true,"href":"https:\/\/paris-noe.me\/nowaient\/wp-json\/wp\/v2\/media\/120"}],"wp:attachment":[{"href":"https:\/\/paris-noe.me\/nowaient\/wp-json\/wp\/v2\/media?parent=109"}],"wp:term":[{"taxonomy":"product_brand","embeddable":true,"href":"https:\/\/paris-noe.me\/nowaient\/wp-json\/wp\/v2\/product_brand?post=109"},{"taxonomy":"product_cat","embeddable":true,"href":"https:\/\/paris-noe.me\/nowaient\/wp-json\/wp\/v2\/product_cat?post=109"},{"taxonomy":"product_tag","embeddable":true,"href":"https:\/\/paris-noe.me\/nowaient\/wp-json\/wp\/v2\/product_tag?post=109"}],"curies":[{"name":"wp","href":"https:\/\/api.w.org\/{rel}","templated":true}]}}